{"id":10878,"date":"2021-02-24T16:47:30","date_gmt":"2021-02-24T16:47:30","guid":{"rendered":"https:\/\/www.spbezmiechowa.pl\/?page_id=10878"},"modified":"2021-02-24T17:08:59","modified_gmt":"2021-02-24T17:08:59","slug":"edukacja-domowa-w-naszej-szkole","status":"publish","type":"page","link":"https:\/\/www.spbezmiechowa.pl\/?page_id=10878","title":{"rendered":"Edukacja domowa w naszej szkole"},"content":{"rendered":"\n<p>Szko\u0142a Podstawowa Fundacji &#8222;Elementarz&#8221; im. Szybownik\u00f3w Polskich w Bezmiechowej Dolnej to miejsce przyjazne edukacji domowej. Doskonale rozumie za\u0142o\u017cenia Szko\u0142y domowej i proponuje indywidualne podej\u015bcie do ka\u017cdego ucznia. Ich rodzice mog\u0105 liczy\u0107 na pe\u0142ne wsparcie w zakresie:<\/p>\n\n\n\n<ul class=\"wp-block-list\"><li>udost\u0119pniania podr\u0119cznik\u00f3w szkolnych i wymaga\u0144 egzaminacyjnych,<\/li><li>udzia\u0142u w wydarzeniach organizowanych przez szko\u0142\u0119 oraz w konkursach kuratoryjnych,<\/li><li>konsultacji z nauczycielem przed egzaminem klasyfikacyjnym,<\/li><li>udzia\u0142u w zaj\u0119ciach dodatkowych organizowanych w szkole, do kt\u00f3rych zalicza si\u0119:<ul><li>zaj\u0119cia z j\u0119zyka obcego nowo\u017cytnego innego ni\u017c j\u0119zyk obcy nowo\u017cytny nauczany w ramach obowi\u0105zkowych zaj\u0119\u0107 edukacyjnych,<\/li><\/ul><ul><li>zaj\u0119cia, dla kt\u00f3rych nie zosta\u0142a ustalona podstawa programowa, lecz program nauczania tych zaj\u0119\u0107 zosta\u0142 w\u0142\u0105czony do szkolnego zestawu program\u00f3w nauczania,<\/li><\/ul><ul><li>zaj\u0119cia rewalidacyjne dla uczni\u00f3w niepe\u0142nosprawnych,<\/li><\/ul><ul><li>zaj\u0119cia prowadzone w ramach pomocy psychologiczno-pedagogicznej,<\/li><\/ul><ul><li>zaj\u0119cia rozwijaj\u0105ce zainteresowania i uzdolnienia uczni\u00f3w, w szczeg\u00f3lno\u015bci<br>w celu kszta\u0142towania ich aktywno\u015bci i kreatywno\u015bci,<\/li><\/ul><ul><li>zaj\u0119cia z zakresu doradztwa zawodowego.<\/li><\/ul><\/li><\/ul>\n","protected":false},"excerpt":{"rendered":"<p>Szko\u0142a Podstawowa Fundacji &#8222;Elementarz&#8221; im. Szybownik\u00f3w Polskich w Bezmiechowej Dolnej to miejsce przyjazne edukacji domowej. Doskonale rozumie za\u0142o\u017cenia Szko\u0142y domowej i proponuje indywidualne podej\u015bcie do ka\u017cdego ucznia. Ich rodzice mog\u0105 liczy\u0107 na pe\u0142ne wsparcie w zakresie: udost\u0119pniania podr\u0119cznik\u00f3w szkolnych i wymaga\u0144 egzaminacyjnych, udzia\u0142u w wydarzeniach organizowanych przez szko\u0142\u0119 oraz w konkursach kuratoryjnych, konsultacji z nauczycielem [&hellip;]<\/p>\n","protected":false},"author":2,"featured_media":0,"parent":3153,"menu_order":2,"comment_status":"closed","ping_status":"closed","template":"","meta":{"ngg_post_thumbnail":0,"footnotes":""},"class_list":["post-10878","page","type-page","status-publish","hentry"],"_links":{"self":[{"href":"https:\/\/www.spbezmiechowa.pl\/index.php?rest_route=\/wp\/v2\/pages\/10878","targetHints":{"allow":["GET"]}}],"collection":[{"href":"https:\/\/www.spbezmiechowa.pl\/index.php?rest_route=\/wp\/v2\/pages"}],"about":[{"href":"https:\/\/www.spbezmiechowa.pl\/index.php?rest_route=\/wp\/v2\/types\/page"}],"author":[{"embeddable":true,"href":"https:\/\/www.spbezmiechowa.pl\/index.php?rest_route=\/wp\/v2\/users\/2"}],"replies":[{"embeddable":true,"href":"https:\/\/www.spbezmiechowa.pl\/index.php?rest_route=%2Fwp%2Fv2%2Fcomments&post=10878"}],"version-history":[{"count":1,"href":"https:\/\/www.spbezmiechowa.pl\/index.php?rest_route=\/wp\/v2\/pages\/10878\/revisions"}],"predecessor-version":[{"id":10879,"href":"https:\/\/www.spbezmiechowa.pl\/index.php?rest_route=\/wp\/v2\/pages\/10878\/revisions\/10879"}],"up":[{"embeddable":true,"href":"https:\/\/www.spbezmiechowa.pl\/index.php?rest_route=\/wp\/v2\/pages\/3153"}],"wp:attachment":[{"href":"https:\/\/www.spbezmiechowa.pl\/index.php?rest_route=%2Fwp%2Fv2%2Fmedia&parent=10878"}],"curies":[{"name":"wp","href":"https:\/\/api.w.org\/{rel}","templated":true}]}}