{"id":10882,"date":"2021-02-24T17:02:12","date_gmt":"2021-02-24T17:02:12","guid":{"rendered":"https:\/\/www.spbezmiechowa.pl\/?page_id=10882"},"modified":"2021-02-24T17:12:41","modified_gmt":"2021-02-24T17:12:41","slug":"egzaminy-klasyfikacyjne","status":"publish","type":"page","link":"https:\/\/www.spbezmiechowa.pl\/?page_id=10882","title":{"rendered":"Egzaminy klasyfikacyjne"},"content":{"rendered":"\n<p>Ka\u017cdy ucze\u0144 spe\u0142niaj\u0105cy obowi\u0105zek szkolny poza szko\u0142\u0105 musi przyst\u0105pi\u0107 do rocznych egzamin\u00f3w klasyfikacyjnych. Egzaminy sk\u0142adaj\u0105 si\u0119 z cz\u0119\u015bci pisemnej i ustnej &#8211; zawieraj\u0105 one zakres materia\u0142u z cz\u0119\u015bci podstawy programowej realizowanej podczas ca\u0142ego roku szkolnego. Do egzaminu ucze\u0144 mo\u017ce przyst\u0105pi\u0107 w dowolnym momencie w trakcie trwania roku szkolnego, po uzgodnieniu terminu z dyrektorem szko\u0142y, jednak nie p\u00f3\u017aniej ni\u017c w dniu zako\u0144czenia zaj\u0119\u0107 edukacyjnych.<\/p>\n","protected":false},"excerpt":{"rendered":"<p>Ka\u017cdy ucze\u0144 spe\u0142niaj\u0105cy obowi\u0105zek szkolny poza szko\u0142\u0105 musi przyst\u0105pi\u0107 do rocznych egzamin\u00f3w klasyfikacyjnych. Egzaminy sk\u0142adaj\u0105 si\u0119 z cz\u0119\u015bci pisemnej i ustnej &#8211; zawieraj\u0105 one zakres materia\u0142u z cz\u0119\u015bci podstawy programowej realizowanej podczas ca\u0142ego roku szkolnego. Do egzaminu ucze\u0144 mo\u017ce przyst\u0105pi\u0107 w dowolnym momencie w trakcie trwania roku szkolnego, po uzgodnieniu terminu z dyrektorem szko\u0142y, jednak [&hellip;]<\/p>\n","protected":false},"author":2,"featured_media":0,"parent":3153,"menu_order":4,"comment_status":"closed","ping_status":"closed","template":"","meta":{"ngg_post_thumbnail":0,"footnotes":""},"class_list":["post-10882","page","type-page","status-publish","hentry"],"_links":{"self":[{"href":"https:\/\/www.spbezmiechowa.pl\/index.php?rest_route=\/wp\/v2\/pages\/10882","targetHints":{"allow":["GET"]}}],"collection":[{"href":"https:\/\/www.spbezmiechowa.pl\/index.php?rest_route=\/wp\/v2\/pages"}],"about":[{"href":"https:\/\/www.spbezmiechowa.pl\/index.php?rest_route=\/wp\/v2\/types\/page"}],"author":[{"embeddable":true,"href":"https:\/\/www.spbezmiechowa.pl\/index.php?rest_route=\/wp\/v2\/users\/2"}],"replies":[{"embeddable":true,"href":"https:\/\/www.spbezmiechowa.pl\/index.php?rest_route=%2Fwp%2Fv2%2Fcomments&post=10882"}],"version-history":[{"count":1,"href":"https:\/\/www.spbezmiechowa.pl\/index.php?rest_route=\/wp\/v2\/pages\/10882\/revisions"}],"predecessor-version":[{"id":10883,"href":"https:\/\/www.spbezmiechowa.pl\/index.php?rest_route=\/wp\/v2\/pages\/10882\/revisions\/10883"}],"up":[{"embeddable":true,"href":"https:\/\/www.spbezmiechowa.pl\/index.php?rest_route=\/wp\/v2\/pages\/3153"}],"wp:attachment":[{"href":"https:\/\/www.spbezmiechowa.pl\/index.php?rest_route=%2Fwp%2Fv2%2Fmedia&parent=10882"}],"curies":[{"name":"wp","href":"https:\/\/api.w.org\/{rel}","templated":true}]}}