{"id":10886,"date":"2021-02-24T17:03:26","date_gmt":"2021-02-24T17:03:26","guid":{"rendered":"https:\/\/www.spbezmiechowa.pl\/?page_id=10886"},"modified":"2022-10-10T07:38:42","modified_gmt":"2022-10-10T07:38:42","slug":"jezeli-masz-jakies-pytania-skontaktuj-sie-z-nami","status":"publish","type":"page","link":"https:\/\/www.spbezmiechowa.pl\/?page_id=10886","title":{"rendered":"Je\u017celi masz jakie\u015b pytania, skontaktuj si\u0119 z nami!"},"content":{"rendered":"\n<p>Centrum Nauczania Domowego<\/p>\n\n\n\n<p>Tel.: + 48 12 399 43 59<\/p>\n\n\n\n<p>E-mail: sekretariat@domowi.edu.pl<\/p>\n\n\n\n<p>Szko\u0142a Podstawowa im. Szybownik\u00f3w Polskich <br>w Bezmiechowej Dolnej<\/p>\n\n\n\n<p>Telefon: (13) 469 64 61<\/p>\n\n\n\n<p>E-mail : spbezmiechowa1@op.pl<\/p>\n","protected":false},"excerpt":{"rendered":"<p>Centrum Nauczania Domowego Tel.: + 48 12 399 43 59 E-mail: sekretariat@domowi.edu.pl Szko\u0142a Podstawowa im. Szybownik\u00f3w Polskich w Bezmiechowej Dolnej Telefon: (13) 469 64 61 E-mail : spbezmiechowa1@op.pl<\/p>\n","protected":false},"author":2,"featured_media":0,"parent":3153,"menu_order":6,"comment_status":"closed","ping_status":"closed","template":"","meta":{"ngg_post_thumbnail":0,"footnotes":""},"class_list":["post-10886","page","type-page","status-publish","hentry"],"_links":{"self":[{"href":"https:\/\/www.spbezmiechowa.pl\/index.php?rest_route=\/wp\/v2\/pages\/10886","targetHints":{"allow":["GET"]}}],"collection":[{"href":"https:\/\/www.spbezmiechowa.pl\/index.php?rest_route=\/wp\/v2\/pages"}],"about":[{"href":"https:\/\/www.spbezmiechowa.pl\/index.php?rest_route=\/wp\/v2\/types\/page"}],"author":[{"embeddable":true,"href":"https:\/\/www.spbezmiechowa.pl\/index.php?rest_route=\/wp\/v2\/users\/2"}],"replies":[{"embeddable":true,"href":"https:\/\/www.spbezmiechowa.pl\/index.php?rest_route=%2Fwp%2Fv2%2Fcomments&post=10886"}],"version-history":[{"count":2,"href":"https:\/\/www.spbezmiechowa.pl\/index.php?rest_route=\/wp\/v2\/pages\/10886\/revisions"}],"predecessor-version":[{"id":13262,"href":"https:\/\/www.spbezmiechowa.pl\/index.php?rest_route=\/wp\/v2\/pages\/10886\/revisions\/13262"}],"up":[{"embeddable":true,"href":"https:\/\/www.spbezmiechowa.pl\/index.php?rest_route=\/wp\/v2\/pages\/3153"}],"wp:attachment":[{"href":"https:\/\/www.spbezmiechowa.pl\/index.php?rest_route=%2Fwp%2Fv2%2Fmedia&parent=10886"}],"curies":[{"name":"wp","href":"https:\/\/api.w.org\/{rel}","templated":true}]}}