{"id":121,"date":"2011-03-25T11:59:47","date_gmt":"2011-03-25T11:59:47","guid":{"rendered":"https:\/\/www.spbezmiechowa.pl\/?page_id=121"},"modified":"2025-10-01T17:56:52","modified_gmt":"2025-10-01T17:56:52","slug":"samorzad-uczniowski","status":"publish","type":"page","link":"https:\/\/www.spbezmiechowa.pl\/?page_id=121","title":{"rendered":"Samorz\u0105d uczniowski"},"content":{"rendered":"<p>Jak co roku we wrze\u015bniu odby\u0142y si\u0119 w naszej szkole wybory do Samorz\u0105du Uczniowskiego. G\u0142osowanie mia\u0142o charakter tajny, bezpo\u015bredni i powszechny. Wzi\u0119li w nim udzia\u0142 uczniowie klas I-VIII, kt\u00f3rzy oddali swoje g\u0142osy na wybranych kandydat\u00f3w w wierze, \u017ce b\u0119d\u0105 oni sumiennie wype\u0142nia\u0107 swoje obowi\u0105zki, jak i dba\u0107 o dobro szko\u0142y oraz jej uczni\u00f3w.<\/p>\n<p>&nbsp;<\/p>\n<p style=\"text-align: center;\" align=\"center\"><strong><em>W sk\u0142ad Samorz\u0105du Uczniowskiego w roku szkolnym 2025\/2026<\/em><\/strong><\/p>\n<p style=\"text-align: center;\" align=\"center\"><strong><em>wesz\u0142y nast\u0119puj\u0105ce uczennice:<\/em><\/strong><\/p>\n<p>&nbsp;<\/p>\n<p><strong>Przewodnicz\u0105ca<\/strong>:&nbsp; Martyna Ba\u0144czak<\/p>\n<p><strong>Z-ca przewodnicz\u0105cej<\/strong>: Ma\u0142gorzata Otta<\/p>\n<p><strong>Skarbnik:&nbsp;<\/strong>Nikola Bobak<\/p>\n<p><strong>Sekretarz: <\/strong>Aleksandra Jaromin<\/p>\n<p>&nbsp;<\/p>\n<p>&nbsp;<\/p>\n<p>&nbsp;<\/p>\n<p style=\"text-align: right;\"><strong>Opiekun: <\/strong>Anna Wn\u0119k<em><br \/>\n<\/em><\/p>\n<p style=\"text-align: right;\">&nbsp;<\/p>\n","protected":false},"excerpt":{"rendered":"<p>Jak co roku we wrze\u015bniu odby\u0142y si\u0119 w naszej szkole wybory do Samorz\u0105du Uczniowskiego. G\u0142osowanie mia\u0142o charakter tajny, bezpo\u015bredni i powszechny. Wzi\u0119li w nim udzia\u0142 uczniowie klas I-VIII, kt\u00f3rzy oddali swoje g\u0142osy na wybranych kandydat\u00f3w w wierze, \u017ce b\u0119d\u0105 oni sumiennie wype\u0142nia\u0107 swoje obowi\u0105zki, jak i dba\u0107 o dobro szko\u0142y oraz jej uczni\u00f3w. &nbsp; W [&hellip;]<\/p>\n","protected":false},"author":1,"featured_media":0,"parent":16753,"menu_order":4,"comment_status":"closed","ping_status":"closed","template":"","meta":{"ngg_post_thumbnail":0,"footnotes":""},"class_list":["post-121","page","type-page","status-publish","hentry"],"_links":{"self":[{"href":"https:\/\/www.spbezmiechowa.pl\/index.php?rest_route=\/wp\/v2\/pages\/121","targetHints":{"allow":["GET"]}}],"collection":[{"href":"https:\/\/www.spbezmiechowa.pl\/index.php?rest_route=\/wp\/v2\/pages"}],"about":[{"href":"https:\/\/www.spbezmiechowa.pl\/index.php?rest_route=\/wp\/v2\/types\/page"}],"author":[{"embeddable":true,"href":"https:\/\/www.spbezmiechowa.pl\/index.php?rest_route=\/wp\/v2\/users\/1"}],"replies":[{"embeddable":true,"href":"https:\/\/www.spbezmiechowa.pl\/index.php?rest_route=%2Fwp%2Fv2%2Fcomments&post=121"}],"version-history":[{"count":15,"href":"https:\/\/www.spbezmiechowa.pl\/index.php?rest_route=\/wp\/v2\/pages\/121\/revisions"}],"predecessor-version":[{"id":18785,"href":"https:\/\/www.spbezmiechowa.pl\/index.php?rest_route=\/wp\/v2\/pages\/121\/revisions\/18785"}],"up":[{"embeddable":true,"href":"https:\/\/www.spbezmiechowa.pl\/index.php?rest_route=\/wp\/v2\/pages\/16753"}],"wp:attachment":[{"href":"https:\/\/www.spbezmiechowa.pl\/index.php?rest_route=%2Fwp%2Fv2%2Fmedia&parent=121"}],"curies":[{"name":"wp","href":"https:\/\/api.w.org\/{rel}","templated":true}]}}