{"id":13246,"date":"2022-10-09T17:46:47","date_gmt":"2022-10-09T17:46:47","guid":{"rendered":"https:\/\/www.spbezmiechowa.pl\/?page_id=13246"},"modified":"2024-05-31T14:23:52","modified_gmt":"2024-05-31T14:23:52","slug":"honorowe-wyroznienie-blekitne-skrzydla-2019","status":"publish","type":"page","link":"https:\/\/www.spbezmiechowa.pl\/?page_id=13246","title":{"rendered":"B\u0142\u0119kitne Skrzyd\u0142a 2019"},"content":{"rendered":"<p style=\"text-align: center;\"><strong>W N I O S E K<\/strong><\/p>\n<p style=\"text-align: center;\">Kro\u015bnie\u0144skiego Klubu Senior\u00f3w Lotnictwa im. gen. bryg. pil. Ludomi\u0142a Rayskiego<\/p>\n<p style=\"text-align: center;\">&nbsp;o nadanie Zespo\u0142owego Wyr\u00f3\u017cnienia Honorowego <strong>B\u0141\u0118KITNE SKRZYD\u0141A 2019 r.<\/strong><\/p>\n<p style=\"text-align: center;\"><strong>SZKOLE PODSTAWOWEJ im. SZYBOWNIK\u00d3W POLSKICH <\/strong><\/p>\n<p style=\"text-align: center;\"><strong>w Bezmiechowej Dolnej<\/strong><\/p>\n<p style=\"text-align: center;\"><strong>ngg_shortcode_0_placeholder<\/strong><\/p>\n<p style=\"text-align: center;\"><u>RYS HISTORYCZNY<\/u><\/p>\n<p>&nbsp;&nbsp;&nbsp;&nbsp; W okresie przedwojennym, kiedy z pocz\u0105tkiem lat trzydziestych, wyprawy student\u00f3w Politechniki Lwow- skiej odkry\u0142y znakomite warunki do lot\u00f3w szybowcowych w rejonie G\u00f3r S\u0142onnych, w le\u017c\u0105cej u ich podn\u00f3\u017ca wsi Bezmiechowa, nie by\u0142o \u017cadnej szko\u0142y umo\u017cliwiaj\u0105cej jakiekolwiek nauczanie miejscowych dzieci. Tym-czasem na g\u00f3ruj\u0105cym nad wsi\u0105 wzniesieniu Kamionka narodzi\u0142a si\u0119 unikalna Szko\u0142a Szybowcowa Aeroklubu Lwowskiego, kt\u00f3ra ju\u017c w tamtych latach zyska\u0142a \u015bwiatow\u0105 renom\u0119, staj\u0105c si\u0119 r\u00f3wnocze\u015bnie <em>kolebk\u0105 \u2013 <\/em>i te\u017c <em>per\u0142\u0105 <\/em>\u2013 polskiego szybownictwa. Wi\u0119kszo\u015b\u0107 \u00f3wczesnych pilot\u00f3w w\u0142a\u015bnie nad Bezmiechow\u0105 zdoby\u0142o mis-trzowskie szlify szybowcowego pilota\u017cu, to w\u0142a\u015bnie tam ustanowiono gros polskich rekord\u00f3w w lotach wy-soko\u015bciowych, czasowych i odleg\u0142o\u015bciowych. To nad Bezmiechow\u0105, w locie trwaj\u0105cym 24 godziny i 14 mi-nut, Wanda Modlibowska zdoby\u0142a dla Polski pierwszy rekord \u015bwiata, a Tadeusz G\u00f3ra po starcie ze szczytu Kamionki dolecia\u0142 do Solecznik pod Wilnem (577,8 km), zdobywaj\u0105c pierwszy na \u015bwiecie Medal Lilienthala!<\/p>\n<p>&nbsp;&nbsp;&nbsp;&nbsp; Wybuch drugiej wojny \u015bwiatowej na d\u0142ugie lata przerwa\u0142 z\u0142ot\u0105 pass\u0119 Bezmiechowej-szybowcowej. Obiekty na szczycie uleg\u0142y zupe\u0142nej dewastacji, a pr\u00f3by wznowienia szybowcowego latania w polowych wa-runkach, nie powiod\u0142y si\u0119. Tymczasem w 22 lata po zako\u0144czeniu wojny, a dok\u0142adniej w lipcu 1967 r. w Bez-miechowej Dolnej, przed najm\u0142odszymi mieszka\u0144cami okolicznych wsi, otworzy\u0142a podwoje nowo wzniesio-na Szko\u0142a Podstawowa. Lata bieg\u0142y, kolejne roczniki m\u0142odzie\u017cy opuszcza\u0142y mury <em>podstaw\u00f3wki<\/em> i tylko na nie-bie Bezmiechowej wci\u0105\u017c brakowa\u0142o, tak kiedy\u015b charakterystycznych dla tych okolic szybowc\u00f3w. Od pewne-go jednak czasu studenci Politechniki Rzeszowskiej, jak niegdy\u015b ich koledzy z uczelni lwowskiej, w\u0119drowali do Bezmiechowej na wakacyjne obozy Studenckiego Ko\u0142a Naukowego Lotnik\u00f3w. Pocz\u0105tkowo w sparta\u0144-skich warunkach biwakowali w namiotach na stoku, sk\u0105d te\u017c wzlatywali na lotniach, prowadz\u0105c naukowe pr\u00f3by owych <em>przyrz\u0105d\u00f3w do latania.<\/em> W 1977 roku, a wi\u0119c w 40-lecie ustanowienia \u2013 w\u0142a\u015bnie w Bezmiecho-wej \u2013 przez polsk\u0105 szybowniczk\u0119 pierwszego rekordu \u015bwiata, student\u00f3w-lotniarzy odwiedzi\u0142a jego autorka \u2013 Wanda Modlibowska. Znamienitego go\u015bcia nie by\u0142o jak ugo\u015bci\u0107 cho\u0107by fili\u017cank\u0105 kawy, bo aura nie dopisa-\u0142a i by\u0142aby to <em>ma\u0142a czarna<\/em> <em>z<\/em>\u2026 <em>deszcz\u00f3wk\u0105<\/em>. Wtedy to Szko\u0142a Podstawowa w Bezmiechowej szeroko otwar\u0142a drzwi przed rekordzistk\u0105 i studentami-lotniarzami, a w nast\u0119pnym sezonie udost\u0119pni\u0142a im te\u017c domki kem-pingowe stoj\u0105ce na szkolnym terenie. Od schy\u0142ku lat siedemdziesi\u0105tych minionego wieku, nawi\u0105zana zosta-\u0142a bliska wsp\u00f3\u0142praca pomi\u0119dzy Szko\u0142\u0105 Podstawow\u0105 w Bezmiechowej Dolnej, a studentami Politechniki lata-j\u0105cymi na odtwarzanym na wzg\u00f3rzu Kamionka szybowisku w Bezmiechowej G\u00f3rnej.<\/p>\n<p>&nbsp;&nbsp;&nbsp;&nbsp; Wiosn\u0105 roku szkolnego 1997\/1998, po raz pierwszy po prawie 60 latach nieobecno\u015bci, odwiedzi\u0142 Bezmie-chow\u0105 przedwojenny kursant, w czasie wojny uczestnik walk na brytyjskim niebie, pilot szybowcowy, sa-molotowy i \u015bmig\u0142owcowy, pierwszy na \u015bwiecie laureat Medalu Lilienthala \u2013 Tadeusz G\u00d3RA. Pierwszy raz go\u015bci\u0142a go te\u017c wtedy Szko\u0142a Podstawowa w Bezmiechowej Dolnej. W uznaniu za pomoc \u015bwiadczon\u0105 tym co podj\u0119li si\u0119 wskrzeszenia s\u0142ynnej niegdy\u015b <em>Akademii Szybowcowej,<\/em> przekaza\u0142 szkole swe najcenniejsze trofe-um lotnicze \u2013 Medal Lilienthala, kt\u00f3ry FAI przyzna\u0142a mu za wykonany w 1938 r. przelot z Bezmiechowej do Ma\u0142ych Solecznik ko\u0142o Wilna (obecnie Litwa). Do Szkolnej Izby Pami\u0119ci trafi\u0142y potem tak\u017ce inne jego odzna-czenia w tym Krzy\u017c Srebrny Orderu Virtuti Militari. &nbsp;Co roku te\u017c stara\u0142 si\u0119 bywa\u0107 w Bezmiechowej \u017cywo zainteresowany problemami szko\u0142y. Kiedy stwierdzi\u0142, \u017ce m\u0142odzie\u017c nie ma jak poznawa\u0107 informatyki, bo w szkole brak cho\u0107by jednego komputera, zainicjowa\u0142 w\u015br\u00f3d polskich lotnik\u00f3w spo\u0142eczn\u0105 zbi\u00f3rk\u0119 (zebrano 3&nbsp;910 z\u0142) na zakup takowego. Inicjatywa znalaz\u0142a uznanie i tak zacz\u0119\u0142o si\u0119 kompletowanie wyposa\u017cenia pra-cowni komputerowej w bezmiechowskiej Szkole Podstawowej. W tym te\u017c okresie,&nbsp; kieruj\u0105ca szko\u0142\u0105 mgr Lu-cyna Matuszewska, wyst\u0105pi\u0142a z inicjatyw\u0105 nadania szkole imienia Szybownik\u00f3w Polskich. 12 czerwca 1999 r. to w\u0142a\u015bnie Tadeusz G\u00f3ra dokona\u0142 ods\u0142oni\u0119cia tablicy upami\u0119tniaj\u0105cej ten fakt.<\/p>\n<p>&nbsp;<\/p>\n<p><u>KALENDARIUM WYDARZE\u0143 I OSI\u0104GNI\u0118\u0106<\/u><\/p>\n<p>&nbsp;&nbsp;&nbsp;&nbsp; Pierwszym powojennym lotniczym akcentem Bezmiechowej by\u0142 skromny pomniczek u st\u00f3p po\u0142udniowego stoku szybowiska, wzniesiony w 1974 r., a wkr\u00f3tce potem przed Szko\u0142\u0105 Podstawow\u0105 pojawi\u0142 si\u0119 na postumencie samolot TS-8 <em>Bies. <\/em>Zanim w 1999 roku szkole nadano imi\u0119 Szybownik\u00f3w Polskich, w 1977 r. obchodzono X-lecie jej wybudowania. Przez nast\u0119pne lata, w okresie wakacyjnym, obiekt szkolny udost\u0119pniany by\u0142 studentom-lotniarzom na baz\u0119 szkoleniow\u0105.<\/p>\n<p>&nbsp;&nbsp;&nbsp;&nbsp; <u>Rok szkolny 1998\/99<\/u><\/p>\n<p>&nbsp;&nbsp;&nbsp;&nbsp; Na uroczysto\u015b\u0107 nadania Szkole Podstawowej imienia Szybownik\u00f3w Polskich, przybyli do Bezmiechowej w dniu 12.06.1999 r. weterani latania tam w okresie przedwojennym: Irena Kemp\u00f3wna-Zabie\u0142\u0142o, Tadeusz G\u00f3ra, Edward Mikulski i kro\u015bnie\u0144ski instruktor-senior J\u00f3zef Kusiba oraz inni, licznie zaproszeni go\u015bcie.<\/p>\n<p>&nbsp;&nbsp;&nbsp;&nbsp; <u>Rok szkolny 1999\/00<\/u><\/p>\n<p>&nbsp;&nbsp;&nbsp;&nbsp; W pierwsz\u0105 rocznic\u0119 nadania imienia, szko\u0142\u0119 odwiedzili szybownicy z dawnych lat: Jadwiga Pi\u0142sudska-Jaraczewska, Irena Kemp\u00f3wna-Zabie\u0142\u0142o i Tadeusz G\u00f3ra. Wsp\u00f3\u0142czesnych lotnik\u00f3w reprezentowa\u0142 trener kadry narodowej J\u00f3zef Dankowski. Dwukrotnie go\u015bci\u0142 w szkole rektor Politechniki Rzeszowskiej prof. Ta-deusz Markowski, kt\u00f3ry do wcze\u015bniej uzyskanych komputer\u00f3w (od szybownik\u00f3w i Aeroklubu Polskiego) doda\u0142 nast\u0119pne, a tak\u017ce sprezentowa\u0142 m\u0142odzie\u017cy sprz\u0119t sportowy (sanki, \u0142y\u017cwy, pi\u0142ki).<\/p>\n<p>&nbsp;&nbsp;&nbsp;&nbsp; <u>Rok szkolny 2000\/01<\/u><\/p>\n<p>&nbsp;&nbsp;&nbsp;&nbsp; Jesieni\u0105 2000 r. uczniowie szko\u0142y uczestniczyli w zawodach latawcowych zorganizowanych na stoku wzg\u00f3rza Kamionka. Wygra\u0142 je w kategorii latawc\u00f3w skrzynkowych ucze\u0144 IV klasy \u2013 Mi\u0142osz Zdr\u00f3jkowski, kt\u00f3ry w nagrod\u0119 pojecha\u0142 na zawody krajowe w Gliwicach. 18.05.2001 r. m\u0142odzie\u017c szkolna uczestniczy\u0142a w uroczysto\u015bci wmurowania kamienia w\u0119gielnego pod budow\u0119 Akademickiego O\u015brodka Szybowcowego PRz prezentuj\u0105c bogat\u0105 cz\u0119\u015b\u0107 artystyczn\u0105.<\/p>\n<p>&nbsp;&nbsp;&nbsp;&nbsp; <u>Rok szkolny 2001\/02<\/u><\/p>\n<p>&nbsp;&nbsp;&nbsp;&nbsp; W pa\u017adzierniku 2001 r. przeprowadzono kolejne zawody w kategorii latawc\u00f3w p\u0142askich i skrzynkowych. W pierwszej zwyci\u0119\u017cy\u0142a uczennica klasy III \u2013 Diana Fundanicz, w drugiej sukces z 2000 roku powt\u00f3rzy\u0142 ucze\u0144 V klasy \u2013 Mi\u0142osz Zdr\u00f3jkowski. Obydwoje pojechali potem na Krajowe Zawody Latawcowe do Gliwic.<\/p>\n<p>&nbsp;&nbsp;&nbsp;&nbsp; Fundacja Lotnicza \u201ePolskie Or\u0142y\u201d przekaza\u0142a szkole \u015brodki na zakup do pracowni kolejnego komputera.<\/p>\n<p>&nbsp;&nbsp;&nbsp;&nbsp; <u>Rok szkolny 2002\/03<\/u><\/p>\n<p>&nbsp;&nbsp;&nbsp;&nbsp; W rozpocz\u0119ciu roku szkolnego uczestniczyli znani szybownicy \u2013 wyr\u00f3\u017cniona Medalem Lilienthala, rekor-dzistka Adela Dankowska wraz z ma\u0142\u017conkiem trenerem J\u00f3zefem Dankowskim oraz liczni inni go\u015bcie. 23 ma-ja 2003 r. z okazji 65 rocznicy medalowego przelotu, w szkole go\u015bci\u0142 \u2013 zawsze w Bezmiechowej mile widzia-ny \u2013 pilot-rekordzista \u2013 Tadeusz G\u00f3ra. Nast\u0119pnego dnia, na terenie AOS, m\u0142odzie\u017c wzi\u0119\u0142a udzia\u0142 w uroczys-to\u015bci ods\u0142oni\u0119cia przez niego tablicy upami\u0119tniaj\u0105cej historyczny przelot i od\u015bpiewa\u0142a hymn szko\u0142y.<\/p>\n<p>&nbsp;&nbsp;&nbsp;&nbsp; <u>Rok szkolny 2003\/04<\/u><\/p>\n<p>&nbsp;&nbsp;&nbsp;&nbsp; 28.08.2004 r. m\u0142odzie\u017c szko\u0142y uczestniczy\u0142a w uroczysto\u015bci otwarcia Akademickiego O\u015brodka Szybowco-wego PRz i nadania mu imienia p\u0142k pil. Tadeusza G\u00f3ry, jak zwykle cz\u0119\u015b\u0107 artystyczn\u0105 ko\u0144cz\u0105c od\u015bpiewaniem szkolnego hymnu <em>Na skrzyd\u0142ach nocy, skrzyd\u0142ach dnia.<\/em><\/p>\n<p>&nbsp;&nbsp;&nbsp;&nbsp; Jesieni\u0105 na stoku szybowcowego wzg\u00f3rza, tradycyjnie rozegrano zawody latawcowe w kategoriach la-tawc\u00f3w p\u0142askich i skrzynkowych. Z ka\u017cdym rokiem wzrasta\u0142a ilo\u015b\u0107 uczestnicz\u0105cych w nich zawodnik\u00f3w.<\/p>\n<p>&nbsp;&nbsp;&nbsp;&nbsp; <u>Rok szkolny 2004\/05<\/u><\/p>\n<p>&nbsp;&nbsp;&nbsp;&nbsp; Latem 2005 r. m\u0142odzie\u017c szkolna z du\u017cym zainteresowaniem \u015bledzi\u0142a przebieg zawod\u00f3w szybowcowych przeprowadzonych na szybowcach klasy \u015bwiatowej \u2013 PW-5 <em>Smyk, <\/em>w kt\u00f3rych nagrod\u0119 dla najm\u0142odszego za-wodnika zdoby\u0142 Miros\u0142aw Korwel. R\u00f3wnie atrakcyjna by\u0142a obserwacja przebiegu plenerowych zdj\u0119\u0107 do fil-mu pt. <em>Dziennik pilota G\u00f3ry,<\/em> realizowanego przez re\u017cysera Adama Ustynowicza. Niecz\u0119sto bowiem zdarza si\u0119 spotka\u0107 w niewielkiej wsi jak\u0105 jest Bezmiechowa, ekip\u0119 filmow\u0105 i zobaczy\u0107&nbsp; jak powstaje film lotniczy.<\/p>\n<p>&nbsp;&nbsp;&nbsp;&nbsp; <u>Rok szkolny 2005\/06<\/u><\/p>\n<p>&nbsp;&nbsp;&nbsp;&nbsp; Z du\u017c\u0105 satysfakcj\u0105 m\u0142odzie\u017c i grono pedagogiczne Szko\u0142y Podstawowej w Bezmiechowej, przyj\u0119\u0142o wiadomo\u015b\u0107 o nadaniu w 2006 r. Przyjacielowi Szko\u0142y \u2013 Tadeuszowi G\u00f3rze, Honorowego Wyr\u00f3\u017cnienia DEDAL. W ten to spos\u00f3b, jako instruktor i wychowawca ca\u0142ego pokolenia m\u0142odych lotnik\u00f3w, nagrodzony zosta\u0142 za trud pracy instruktorskiej. Do laureata wys\u0142ana zosta\u0142a okoliczno\u015bciowa laurka wykonana przez m\u0142odzie\u017c.<\/p>\n<p>&nbsp;&nbsp;&nbsp;&nbsp; <u>Rok szkolny 2006\/07<\/u><\/p>\n<p>&nbsp;&nbsp;&nbsp;&nbsp; Najwa\u017cniejszym wydarzeniem u schy\u0142ku tego roku by\u0142 jubileusz 40-lecia otwarcia w Bezmiechowej nowo wybudowanej Szko\u0142y Podstawowej. Z tej okazji, w formie ksi\u0105\u017ckowej przedstawiono histori\u0119 i wsp\u00f3\u0142czes-no\u015b\u0107 plac\u00f3wki dydaktycznej, ludzi z ni\u0105&nbsp; zwi\u0105zanych, a tak\u017ce aktywny wsp\u00f3\u0142udzia\u0142 m\u0142odzie\u017cy oraz grona pe-dagogicznego z p. dyr. Lucyn\u0105 Matuszewsk\u0105 na czele, w reaktywowaniu szybowiska. Odby\u0142o si\u0119 spotkanie, w kt\u00f3rym opr\u00f3cz w\u0142adz uczestniczyli te\u017c byli i obecni lotnicy lataj\u0105cy nad Bezmiechow\u0105.<\/p>\n<p>&nbsp;&nbsp;&nbsp;&nbsp; <u>Rok szkolny 2007\/08<\/u><\/p>\n<p>&nbsp;&nbsp;&nbsp;&nbsp; Zbi\u00f3r szkolnej biblioteki powi\u0119kszy\u0142 si\u0119 o nowe ksi\u0105\u017cki tematycznie zwi\u0105zane z lotnictwem. Okaza\u0142y si\u0119 bardzo przydatne jako \u017ar\u00f3d\u0142o wiedzy tak\u017ce o szybowcowej historii Bezmiechowej. Znalaz\u0142o to istotne od-zwierciedlenie w organizowanych szkolnych konkursach czytelniczych i plastycznych, u\u0142atwiaj\u0105c m\u0142odzie\u017cy rozwini\u0119cie temat\u00f3w.<\/p>\n<p>&nbsp;&nbsp;&nbsp;&nbsp; <u>Rok szkolny 2008\/09<\/u><\/p>\n<p>&nbsp;&nbsp;&nbsp;&nbsp; 12 wrze\u015bnia 2008 r. szko\u0142\u0119 odwiedzi\u0142y pilotki z ca\u0142ej Polski, uczestnicz\u0105ce w dorocznym zlocie zwanym SABATEM, kt\u00f3ry tym razem odby\u0142 si\u0119 w Bezmiechowej. By\u0142y w\u015br\u00f3d nich szybowniczki wysokiej klasy jak Adela Dankowska czy Irena Pietrzak-Kostka, siostra inicjatorki SABAT\u00d3W &#8211; Pelagii Pietrzak-Majewskiej. Z pobliskiego Krosna w SABACIE udzia\u0142 wzi\u0119\u0142a pilotka Stra\u017cy Granicznej \u2013 Bo\u017cena Falcman. Tego samego dnia Tadeusz Chwa\u0142czyk, autor ksi\u0105\u017cki <em>Medalowe wzloty <\/em>o pil. T. G\u00f3rze, jej egzemplarze wr\u0119czy\u0142 grupie uczni\u00f3w.<\/p>\n<p>&nbsp;&nbsp;&nbsp;&nbsp; <u>Rok szkolny 2009\/10<\/u><\/p>\n<p>&nbsp;&nbsp;&nbsp;&nbsp; 4 czerwca 2009 r. obchodzono jubileusz X-lecia nadania szkole im. Szybownik\u00f3w Polskich, a jesieni\u0105 od-s\u0142oni\u0119to w szkolnym holu portrety 7 polskich medalist\u00f3w Lilienthala. Rok 2010 rozpocz\u0119\u0142a \u017ca\u0142oba po \u015bmier-ci 4 stycznia gen. bryg. pil. Tadeusza G\u00f3ry. Na Jego pogrzeb do \u015awidnika uda\u0142a si\u0119 delegacja Szko\u0142y im. Szy-bowwnik\u00f3w Polskich. 17.05.2010 r. m\u0142odzie\u017c spotka\u0142a si\u0119 z ameryka\u0144skimi astronautami goszcz\u0105cymi w AOS-ie. Obecne by\u0142y tak\u017ce, przyby\u0142e z W\u0142och, c\u00f3rka genera\u0142a Iwona G\u00f3ra-Quadrelli i Jego wnuczka Jessica.<\/p>\n<p>&nbsp;&nbsp;&nbsp;&nbsp; <u>Rok szkolny 2010\/11<\/u><\/p>\n<p>&nbsp;&nbsp;&nbsp;&nbsp; 14 maja 2011 r. do bezmiechowskiej Szko\u0142y zaproszono \u017cyj\u0105cych polskich laureat\u00f3w Medalu Lilienthala i rodziny tych co zmarli. Przybyli: Adela Dankowska, Iwona G\u00f3ra-Quadrelli (c\u00f3rka T. G\u00f3ry), S\u0142awomir Majew-ski (syn P. Majewskiej) oraz Henryka K\u0119pka (wdowa po Franciszku wraz z jego synem i synow\u0105). Na okolicz-no\u015b\u0107 zlotu wybity zosta\u0142 pami\u0105tkowy medal. Tego te\u017c dnia szkolna biblioteka wzbogaci\u0142a si\u0119 o nowe ksi\u0105\u017cki: &nbsp;<em>Skrzyd\u0142a na nartach <\/em>autorstwa Tadeusza Chwa\u0142czyka i <em>Cena odwagi <\/em>Jana Cierniaka, obie po 3 egzemplarze.<\/p>\n<p>&nbsp;&nbsp;&nbsp;&nbsp; <u>Rok szkolny 2011\/12 <\/u><\/p>\n<p>&nbsp;&nbsp;&nbsp;&nbsp; Efektem spotkania z medalistami Lilienthala lub ich bliskimi, by\u0142y dwa szkolne konkursy: plastyczny (szy-bowce, na kt\u00f3rych zdobyto medale) i biograficzny (po\u015bwi\u0119cony postaciom&nbsp; medalist\u00f3w). W lutym 2012 r. Rada Miejska Leska zdecydowa\u0142a przekaza\u0107 bezmiechowsk\u0105 Szko\u0142\u0119 w zarz\u0105d Fundacji \u201eElementarz\u201d. Protes-ty na tak haniebne potraktowanie unikalnej szko\u0142y z\u0142o\u017cyli: gen. broni pil. Lech Majewski d-ca Si\u0142 Powietrz- nych, rekordzistka szyb. Adela Dankowska i red. Tadeusz Chwa\u0142czyk. Od 25.05.-11.06.12 r. w BDK w Lesku czynna by\u0142a wystawa fotograficzna pt. <em>Skrzydlaty genera\u0142 (Tadeusz G\u00f3ra)<\/em>, kt\u00f3r\u0105 zwiedzi\u0142a m\u0142odzie\u017c Szko\u0142y.<\/p>\n<p>&nbsp;&nbsp;&nbsp;&nbsp; <u>Rok szkolny 2012\/13<\/u><\/p>\n<p>&nbsp;&nbsp;&nbsp;&nbsp; Du\u017c\u0105 atrakcj\u0105 dla uczennic i uczni\u00f3w bezmiechowskiej Szko\u0142y by\u0142a wycieczka na Politechnik\u0119 Rzeszowsk\u0105 Poza spotkaniem z rektorem uczelni prof. Andrzejem Sobkowiakiem, kt\u00f3ry przedstawi\u0142 kierunki studi\u00f3w m\u0142odzie\u017c mia\u0142a okazj\u0119 zwiedzi\u0107 poszczeg\u00f3lne pracownie naukowe. Najwi\u0119cej wra\u017ce\u0144 dostarczy\u0142a jednak wizyta na lotnisku w Jasionce, gdzie mo\u017cna by\u0142o z bliska obejrze\u0107 samoloty, na kt\u00f3rych tajniki pilota\u017cu poznaj\u0105 studenci Wydzia\u0142u Budowy Maszyn i Lotnictwa.<\/p>\n<p>&nbsp;&nbsp;&nbsp;&nbsp; <u>Rok szkolny 2013\/14<\/u><\/p>\n<p>&nbsp;&nbsp;&nbsp;&nbsp; Do Szkolnej Izby Tradycji trafi\u0142 nowy eksponat. Jest nim plastyczna makieta przedwojennego szybowiska, na kt\u00f3rej w odpowiedniej skali ukszta\u0142towano topografi\u0119 po\u0142udniowego stoku wzg\u00f3rza, z kt\u00f3rego najcz\u0119\u015bciej startowa\u0142y szybowce. Na makiecie ulokowano miniaturowe obiekty szybowiska (budynki kierownictwa szko\u0142y i internatu kursant\u00f3w oraz hangary). Na stanowisku startowym, z kt\u00f3rego przy u\u017cyciu lin gumowych wzlatywali kursanci, jest te\u017c model gotowego do startu szybowca.<\/p>\n<p>&nbsp;&nbsp;&nbsp;&nbsp; <u>Rok szkolny 2014-15<\/u><\/p>\n<p>&nbsp;&nbsp;&nbsp;&nbsp; Najlepiej zapami\u0119tanym przez m\u0142odzie\u017c wydarzeniem 2015 r. by\u0142a trzydniowa wycieczka do Warszawy. Jej realizacja mo\u017cliwa by\u0142a dzi\u0119ki dofinansowaniu przez Politechnik\u0119 Warszawsk\u0105. Poza zwiedzaniem stoli-cy, program wycieczki w du\u017cej cz\u0119\u015bci po\u015bwiecony by\u0142 w\u0142a\u015bnie poznaniu tej uczelni oraz zorganizowanym przez ni\u0105 \u2013 specjalnie dla m\u0142odzie\u017cy Szko\u0142y Podstawowej. im. Szybownik\u00f3w Polskich w Bezmiechowej \u2013 za-wodom modelarskim pod has\u0142em <em>Smyki na start.<\/em><\/p>\n<p>&nbsp;&nbsp;&nbsp;&nbsp; <u>Rok szkolny 2015\/16<\/u><\/p>\n<p>&nbsp;&nbsp;&nbsp;&nbsp; Walory krajoznawcze, ale te\u017c historyczno-szybowcowe, mia\u0142a w 2016 r. kolejna wycieczka, tym razem w G\u00f3ry \u015awi\u0119tokrzyskie (r\u00f3wnie\u017c wsp\u00f3\u0142finansowana przez Politechnik\u0119 Warszawsk\u0105). Program jej obejmowa\u0142 m. in. odwiedzenie Pi\u0144czowa i Polichna, w kt\u00f3rych przed wojn\u0105 istnia\u0142y podobne szko\u0142y szybowcowe jak w Bezmiechowej. W Lesku za\u015b rozegrano \u2013 te\u017c przy wsparciu Politechniki Warszawskiej \u2013 II Otwarte Zawody Modelarskie <em>Smyki na start. <\/em><\/p>\n<p>&nbsp;&nbsp;&nbsp;&nbsp; <u>Rok szkolny 2016\/17<\/u><\/p>\n<p>&nbsp;&nbsp; &nbsp;&nbsp;M\u0142odzie\u017c bezmiechowskiej Szko\u0142y zaproszona zosta\u0142a przez Politechnik\u0119 Rzeszowsk\u0105 na organizowane na lotnisku Jasionka Pokazy Lotnicze, w kt\u00f3rych uczestniczyli te\u017c studenci kierunku pilota\u017cowego Wydzia\u0142u Budowy Maszyn i Lotnictwa. W Bezmiechowej natomiast wizyt\u0119 w Szkole Podstawowej im. Szybownik\u00f3w Pol-skich, z\u0142o\u017cy\u0142a grupa zaprzyja\u017anionych z ni\u0105 pilot\u00f3w Aeroklubu Pozna\u0144skiego.<\/p>\n<p>&nbsp;&nbsp;&nbsp;&nbsp; <u>Rok szkolny 2017\/18<\/u>&nbsp;&nbsp;<\/p>\n<p>&nbsp;&nbsp;&nbsp;&nbsp; Druga po\u0142owa 2017 roku up\u0142yn\u0119\u0142a m\u0142odzie\u017cy i gronu pedagogicznemu na przygotowaniach do przypa-daj\u0105cej w nast\u0119pnym roku 80 rocznicy wykonania przez Tadeusza G\u00f3r\u0119 historycznego przelotu z Bezmie-chowej pod Wilno, nagrodzonego Medalem Lilienthala. Przewidywano przeprowadzenie r\u00f3\u017cnych konkur-s\u00f3w tematycznie zwi\u0105zanych z tym wydarzeniem oraz zawod\u00f3w latawcowych i modelarskich, a tak\u017ce udzia\u0142 w jubileuszowym spotkaniu w Akademickim O\u015brodku Szybowcowym.<\/p>\n<p>&nbsp;&nbsp;&nbsp;&nbsp; <u>Rok szkolny 2018\/19<\/u><\/p>\n<p>&nbsp;&nbsp;&nbsp;&nbsp; 2 czerwca 2018 r. a wi\u0119c w kilka dni po 80 rocznicy historycznego przelotu Tadeusza G\u00f3ry w dniu 18 ma-ja 1938 r. z Bezmiechowej do znajduj\u0105cych si\u0119 obecnie na terytorium Litwy Ma\u0142ych Solecznik (577,8 km dziel\u0105cych w linii prostej te miejscowo\u015bci) w Akademickim O\u015brodku Szybowcowym Politechniki Rzeszow-skiej odby\u0142o si\u0119 uroczyste spotkanie. W\u015br\u00f3d zaproszonych go\u015bci znalaz\u0142a si\u0119 te\u017c delegacja Szko\u0142y Podstawo-wej im. Szybownik\u00f3w Polskich, pod przewodnictwem p. dyr. mgr Lucyny Matuszewskiej.<\/p>\n<p>&nbsp;<\/p>\n<p>&nbsp;&nbsp;&nbsp;&nbsp; Przedstawiaj\u0105c powy\u017csze udokumentowanie aktywnej dzia\u0142alno\u015bci Szko\u0142y Podstawowej w Bezmiechowej Dolnej na rzecz popularyzacji lotnictwa w\u015br\u00f3d m\u0142odzie\u017cy i spo\u0142eczno\u015bci wiejskiej, w 20-lecie nadania Szkole \u2013 jako JEDYNEJ w Polsce \u2013 imienia Szybownik\u00f3w Polskich, zarz\u0105d Kro\u015bnie\u0144skiego Klubu Senior\u00f3w Lotnictwa wyra\u017ca przekonanie, \u017ce W PE\u0141NI ZAS\u0141U\u017bY\u0141A ONA SOBIE na nadanie jej zespo\u0142owego Honorowego Wyr\u00f3\u017cnienia<\/p>\n<p>&nbsp;<\/p>\n<p style=\"text-align: center;\"><strong>B\u0141\u0118KITNE SKRZYD<\/strong><strong>\u0141A 2019<br \/>\n<\/strong><\/p>\n<p>&nbsp;<\/p>\n<p>&nbsp;<\/p>\n","protected":false},"excerpt":{"rendered":"<p>W N I O S E K Kro\u015bnie\u0144skiego Klubu Senior\u00f3w Lotnictwa im. gen. bryg. pil. Ludomi\u0142a Rayskiego &nbsp;o nadanie Zespo\u0142owego Wyr\u00f3\u017cnienia Honorowego B\u0141\u0118KITNE SKRZYD\u0141A 2019 r. SZKOLE PODSTAWOWEJ im. SZYBOWNIK\u00d3W POLSKICH w Bezmiechowej Dolnej RYS HISTORYCZNY &nbsp;&nbsp;&nbsp;&nbsp; W okresie przedwojennym, kiedy z pocz\u0105tkiem lat trzydziestych, wyprawy student\u00f3w Politechniki Lwow- skiej odkry\u0142y znakomite warunki do lot\u00f3w [&hellip;]<\/p>\n","protected":false},"author":2,"featured_media":0,"parent":16744,"menu_order":11,"comment_status":"closed","ping_status":"closed","template":"","meta":{"ngg_post_thumbnail":0,"footnotes":""},"class_list":["post-13246","page","type-page","status-publish","hentry"],"_links":{"self":[{"href":"https:\/\/www.spbezmiechowa.pl\/index.php?rest_route=\/wp\/v2\/pages\/13246","targetHints":{"allow":["GET"]}}],"collection":[{"href":"https:\/\/www.spbezmiechowa.pl\/index.php?rest_route=\/wp\/v2\/pages"}],"about":[{"href":"https:\/\/www.spbezmiechowa.pl\/index.php?rest_route=\/wp\/v2\/types\/page"}],"author":[{"embeddable":true,"href":"https:\/\/www.spbezmiechowa.pl\/index.php?rest_route=\/wp\/v2\/users\/2"}],"replies":[{"embeddable":true,"href":"https:\/\/www.spbezmiechowa.pl\/index.php?rest_route=%2Fwp%2Fv2%2Fcomments&post=13246"}],"version-history":[{"count":8,"href":"https:\/\/www.spbezmiechowa.pl\/index.php?rest_route=\/wp\/v2\/pages\/13246\/revisions"}],"predecessor-version":[{"id":13313,"href":"https:\/\/www.spbezmiechowa.pl\/index.php?rest_route=\/wp\/v2\/pages\/13246\/revisions\/13313"}],"up":[{"embeddable":true,"href":"https:\/\/www.spbezmiechowa.pl\/index.php?rest_route=\/wp\/v2\/pages\/16744"}],"wp:attachment":[{"href":"https:\/\/www.spbezmiechowa.pl\/index.php?rest_route=%2Fwp%2Fv2%2Fmedia&parent=13246"}],"curies":[{"name":"wp","href":"https:\/\/api.w.org\/{rel}","templated":true}]}}