{"id":14512,"date":"2023-01-16T22:13:23","date_gmt":"2023-01-16T22:13:23","guid":{"rendered":"https:\/\/www.spbezmiechowa.pl\/?page_id=14512"},"modified":"2024-05-31T14:23:29","modified_gmt":"2024-05-31T14:23:29","slug":"spotkanie-z-mistrzem","status":"publish","type":"page","link":"https:\/\/www.spbezmiechowa.pl\/?page_id=14512","title":{"rendered":"Spotkanie z Mistrzem &#8211; Sebastianem Kaw\u0105"},"content":{"rendered":"<p>13 stycznia 2023 r w Naszej Szkole&nbsp; mia\u0142o miejsce niecodzienne wydarzenie. Na spotkanie ze spo\u0142eczno\u015bci\u0105 szkoln\u0105, przyby\u0142 <strong>Pan Sebastian Kawa<\/strong>, wielokrotny mistrz i rekordzista \u015bwiata w szybownictwie, od wielu lat w czo\u0142\u00f3wce \u015bwiatowego rankingu pilot\u00f3w szybowcowych, najbardziej utytu\u0142owany pilot szybowcowy w historii.<\/p>\n<p>W uroczystym spotkaniu z mistrzem olimpijskim opr\u00f3cz spo\u0142eczno\u015bci szkolnej uczestniczyli: Stanis\u0142aw Gradolewski przedstawiciel Politechniki Warszawskiej, Magdalena Mazurkiewicz sekretarz Miasta i Gminy Lesko, Jacek Ba\u0144czak radny Miasta i Gminy Lesko, Ks. Roman \u0141obaza proboszcz Parafii Bezmiechowa G\u00f3rna, Przemys\u0142aw Bara\u0144ski so\u0142tys wsi Bezmiechowa Dolna oraz przedstawiciele Rady Rodzic\u00f3w.<\/p>\n<p>Pan Sebastian opowiedzia\u0142 nam o szybowcach, swoich osi\u0105gni\u0119ciach oraz o niecodziennych sytuacjach zar\u00f3wno tych \u015bmiesznych jak i niebezpiecznych. Swoje opowie\u015bci popar\u0142&nbsp; filmami i pi\u0119knymi zdj\u0119ciami krajobraz\u00f3w z przer\u00f3\u017cnych kontynent\u00f3w, kt\u00f3re wykona\u0142 z szybowca.<\/p>\n<p>Kolejnym, oczekiwanym przez wszystkich, punktem spotkania by\u0142y pami\u0105tkowe zdj\u0119cia. Ka\u017cdy z obecnych m\u00f3g\u0142 stan\u0105\u0107 do fotografii z Mistrzem. Ch\u0119tnych nie brakowa\u0142o. Go\u015b\u0107 z przyjemno\u015bci\u0105 pozowa\u0142 do zdj\u0119\u0107 i rozdawa\u0142 autografy. Na pami\u0105tk\u0119 spotkania uczniowie podarowali Mistrzowi portret wykonany technik\u0105 komiksu, a dzieci z oddzia\u0142u przedszkolnego odznaczy\u0142y Pana Sebastiana \u201ez\u0142otym medalem\u201d.<\/p>\n<p>Po cz\u0119\u015bci oficjalnej Rada Rodzic\u00f3w zaprosi\u0142a Mistrza i obecnych go\u015bci na przygotowany pocz\u0119stunek.<\/p>\n<p style=\"text-align: right;\">Tekst: A. W\u00f3jcicka<br \/>\nZdj\u0119cia: B. Plezia<\/p>\nngg_shortcode_0_placeholder\n<p>&nbsp;<\/p>\n","protected":false},"excerpt":{"rendered":"<p>13 stycznia 2023 r w Naszej Szkole&nbsp; mia\u0142o miejsce niecodzienne wydarzenie. Na spotkanie ze spo\u0142eczno\u015bci\u0105 szkoln\u0105, przyby\u0142 Pan Sebastian Kawa, wielokrotny mistrz i rekordzista \u015bwiata w szybownictwie, od wielu lat w czo\u0142\u00f3wce \u015bwiatowego rankingu pilot\u00f3w szybowcowych, najbardziej utytu\u0142owany pilot szybowcowy w historii. W uroczystym spotkaniu z mistrzem olimpijskim opr\u00f3cz spo\u0142eczno\u015bci szkolnej uczestniczyli: Stanis\u0142aw Gradolewski przedstawiciel [&hellip;]<\/p>\n","protected":false},"author":2,"featured_media":0,"parent":16744,"menu_order":9,"comment_status":"closed","ping_status":"closed","template":"","meta":{"ngg_post_thumbnail":0,"footnotes":""},"class_list":["post-14512","page","type-page","status-publish","hentry"],"_links":{"self":[{"href":"https:\/\/www.spbezmiechowa.pl\/index.php?rest_route=\/wp\/v2\/pages\/14512","targetHints":{"allow":["GET"]}}],"collection":[{"href":"https:\/\/www.spbezmiechowa.pl\/index.php?rest_route=\/wp\/v2\/pages"}],"about":[{"href":"https:\/\/www.spbezmiechowa.pl\/index.php?rest_route=\/wp\/v2\/types\/page"}],"author":[{"embeddable":true,"href":"https:\/\/www.spbezmiechowa.pl\/index.php?rest_route=\/wp\/v2\/users\/2"}],"replies":[{"embeddable":true,"href":"https:\/\/www.spbezmiechowa.pl\/index.php?rest_route=%2Fwp%2Fv2%2Fcomments&post=14512"}],"version-history":[{"count":3,"href":"https:\/\/www.spbezmiechowa.pl\/index.php?rest_route=\/wp\/v2\/pages\/14512\/revisions"}],"predecessor-version":[{"id":14516,"href":"https:\/\/www.spbezmiechowa.pl\/index.php?rest_route=\/wp\/v2\/pages\/14512\/revisions\/14516"}],"up":[{"embeddable":true,"href":"https:\/\/www.spbezmiechowa.pl\/index.php?rest_route=\/wp\/v2\/pages\/16744"}],"wp:attachment":[{"href":"https:\/\/www.spbezmiechowa.pl\/index.php?rest_route=%2Fwp%2Fv2%2Fmedia&parent=14512"}],"curies":[{"name":"wp","href":"https:\/\/api.w.org\/{rel}","templated":true}]}}