{"id":15556,"date":"2023-09-19T19:30:28","date_gmt":"2023-09-19T19:30:28","guid":{"rendered":"https:\/\/www.spbezmiechowa.pl\/?page_id=15556"},"modified":"2024-09-08T16:52:30","modified_gmt":"2024-09-08T16:52:30","slug":"projekty-edukacyjne-2023-2024","status":"publish","type":"page","link":"https:\/\/www.spbezmiechowa.pl\/?page_id=15556","title":{"rendered":"Projekty edukacyjne 2023\/2024"},"content":{"rendered":"<p>&nbsp;<\/p>\n<p><em><strong>1. \u201eCzytam z klas\u0105 lekturki spod chmurki\u201d<\/strong><\/em><\/p>\n<p>W dobie dzisiejszych czas\u00f3w, gdzie prym wiod\u0105 gry komputerowe&nbsp; i smartfony, bardzo ci\u0119\u017cko jest zach\u0119ci\u0107 dzieci do czytania ksi\u0105\u017cek, a tym bardziej lektur.<\/p>\n<p>Aby zminimalizowa\u0107 problem i zainspirowa\u0107 dzieci do czytania, od pa\u017adziernika 2023 r. do klasy I zostanie wprowadzony og\u00f3lnopolski projekt edukacyjny ,autorstwa Honoraty Szaneckiej \u2013 \u201eCzytam z klas\u0105 lekturki spod chmurki\u201d, kt\u00f3rego celem jest upowszechnianie czytelnictwa w\u015br\u00f3d uczni\u00f3w klas I-III, oraz zach\u0119cenie dzieci do czytania ksi\u0105\u017cek poprzez aktywn\u0105 dzia\u0142alno\u015b\u0107 edukacyjn\u0105.<\/p>\n<p>Jak zapewnia autorka projektu, tegoroczna edycja pod kryptonimem NA TROPACH DOBROCZYNNO\u015aCI stanie si\u0119 \u015bwietn\u0105 zabaw\u0105, dzi\u0119ki kt\u00f3rej, poprzez czytanie, b\u0119dziemy piel\u0119gnowa\u0107 w dzieciach DOBROCZYNNO\u015a\u0106. Podpowiemy im, jak troszczy\u0107 si\u0119:<\/p>\n<p>\u2764o siebie, \u2764 o innych, \u2764o wszystko, co je otacza.<\/p>\n<p>Projekt b\u0119dzie sk\u0142ada\u0107 si\u0119 z trzech MODU\u0141\u00d3W . W ka\u017cdym z modu\u0142\u00f3w uczestnicy wybior\u0105 jedn\u0105 spo\u015br\u00f3d czterech zaproponowanych lektur, do kt\u00f3rej wykona co najmniej cztery zadania.<\/p>\n<p>Lektury b\u0119d\u0105 czytane przez nauczyciela lub samodzielnie przez uczni\u00f3w, a tak\u017ce przez zaproszonych go\u015bci.&nbsp;<\/p>\n<p>Po&nbsp; zrealizowaniu&nbsp; ka\u017cdego modu\u0142u nauczyciel umie\u015bci na stronie projektu sprawozdanie w formie opisu i kilku zdj\u0119\u0107, dzi\u0119ki czemu otrzyma od autora projektu POTWIERDZENIE realizacji tego modu\u0142u.<\/p>\n<p>Projekt doskonale wplata si\u0119 w kierunki realizacji polityki o\u015bwiatowej pa\u0144stwa na rok szkolny 2023\/2024.<\/p>\n<p>&nbsp;<\/p>\n<p><em><strong>2. <\/strong><\/em><em><strong>,,Klasa w Terenie\u201d&nbsp;<\/strong><\/em><\/p>\n<p>W naszej szkole prowadzony b\u0119dzie Og\u00f3lnopolski Projekt Edukacyjny ,,Klasa w Terenie\u201d przygotowany przez Szko\u0142\u0119 Podstawow\u0105 nr 17 z Oddzia\u0142ami Integracyjnymi im. 21 Brygady Strzelc\u00f3w Podhala\u0144skich w Rzeszowie. Autorkami projektu s\u0105 Anna Cebula i Ewelina \u0141ojewska; nauczycielki edukacji wczesnoszkolnej w Szkole Podstawowej nr 17 w Rzeszowie.<\/p>\n<p>G\u0142\u00f3wnym za\u0142o\u017ceniem projektu ,,Klasa w terenie\u201d jest ukazanie&nbsp; warto\u015bci edukacji na \u015bwie\u017cym powietrzu, kt\u00f3ra prawdopodobnie jest najbardziej uszcz\u0119\u015bliwiaj\u0105c\u0105 form\u0119 edukacji na \u015bwiecie, bo anga\u017cuj\u0105c\u0105 r\u00f3\u017cne zmys\u0142y.<\/p>\n<p>Projekt w naszej szkole realizowany b\u0119dzie od 1 pa\u017adziernika 2023 roku do 31 maja 2024 roku.<\/p>\n","protected":false},"excerpt":{"rendered":"<p>&nbsp; 1. \u201eCzytam z klas\u0105 lekturki spod chmurki\u201d W dobie dzisiejszych czas\u00f3w, gdzie prym wiod\u0105 gry komputerowe&nbsp; i smartfony, bardzo ci\u0119\u017cko jest zach\u0119ci\u0107 dzieci do czytania ksi\u0105\u017cek, a tym bardziej lektur. Aby zminimalizowa\u0107 problem i zainspirowa\u0107 dzieci do czytania, od pa\u017adziernika 2023 r. do klasy I zostanie wprowadzony og\u00f3lnopolski projekt edukacyjny ,autorstwa Honoraty Szaneckiej \u2013 [&hellip;]<\/p>\n","protected":false},"author":2,"featured_media":0,"parent":17185,"menu_order":2,"comment_status":"closed","ping_status":"closed","template":"","meta":{"ngg_post_thumbnail":0,"footnotes":""},"class_list":["post-15556","page","type-page","status-publish","hentry"],"_links":{"self":[{"href":"https:\/\/www.spbezmiechowa.pl\/index.php?rest_route=\/wp\/v2\/pages\/15556","targetHints":{"allow":["GET"]}}],"collection":[{"href":"https:\/\/www.spbezmiechowa.pl\/index.php?rest_route=\/wp\/v2\/pages"}],"about":[{"href":"https:\/\/www.spbezmiechowa.pl\/index.php?rest_route=\/wp\/v2\/types\/page"}],"author":[{"embeddable":true,"href":"https:\/\/www.spbezmiechowa.pl\/index.php?rest_route=\/wp\/v2\/users\/2"}],"replies":[{"embeddable":true,"href":"https:\/\/www.spbezmiechowa.pl\/index.php?rest_route=%2Fwp%2Fv2%2Fcomments&post=15556"}],"version-history":[{"count":3,"href":"https:\/\/www.spbezmiechowa.pl\/index.php?rest_route=\/wp\/v2\/pages\/15556\/revisions"}],"predecessor-version":[{"id":15562,"href":"https:\/\/www.spbezmiechowa.pl\/index.php?rest_route=\/wp\/v2\/pages\/15556\/revisions\/15562"}],"up":[{"embeddable":true,"href":"https:\/\/www.spbezmiechowa.pl\/index.php?rest_route=\/wp\/v2\/pages\/17185"}],"wp:attachment":[{"href":"https:\/\/www.spbezmiechowa.pl\/index.php?rest_route=%2Fwp%2Fv2%2Fmedia&parent=15556"}],"curies":[{"name":"wp","href":"https:\/\/api.w.org\/{rel}","templated":true}]}}