{"id":15584,"date":"2023-10-05T20:14:51","date_gmt":"2023-10-05T20:14:51","guid":{"rendered":"https:\/\/www.spbezmiechowa.pl\/?page_id=15584"},"modified":"2025-10-07T22:01:10","modified_gmt":"2025-10-07T22:01:10","slug":"procentowe-kryterium-oceniania","status":"publish","type":"page","link":"https:\/\/www.spbezmiechowa.pl\/?page_id=15584","title":{"rendered":"Przedmiotowe systemy oceniania"},"content":{"rendered":"<p>&nbsp;<\/p>\n<h3><strong>Procentowe kryterium oceniania<\/strong><\/h3>\n<p>od 29% i poni\u017cej niedostateczny<\/p>\n<p>od 30%&nbsp; do 32% + niedostateczny<\/p>\n<p>od 33% do 43% dopuszczaj\u0105cy<\/p>\n<p>od 44% do 49% + dopuszczaj\u0105cy<\/p>\n<p>od 50% do 63% dostateczny<\/p>\n<p>od 64% do 69% + dostateczny<\/p>\n<p>od 70% do 84% dobry<\/p>\n<p>od 85% do 89% + dobry<\/p>\n<p>od 90% do 94% bardzo dobry<\/p>\n<p>od 95% do 97% + bardzo dobry<\/p>\n<p>&nbsp;98% &#8211; 100% celuj\u0105cy<\/p>\n<p>&nbsp;<\/p>\n<h3><strong>Przedmiotowe systemy oceniania<\/strong><\/h3>\n<p><a href=\"https:\/\/www.spbezmiechowa.pl\/wp-content\/uploads\/wordpress\/Przedmiotowy-system-oceniania-z-biologii-2025-1.docx\">Przedmiotowy system oceniania z biologii 2025<\/a><\/p>\n<p><a href=\"https:\/\/www.spbezmiechowa.pl\/wp-content\/uploads\/wordpress\/PRZEDMIOTOWY-SYSTEM-OCENIANIA-Z-GEOGRAFII-.docx\">PRZEDMIOTOWY SYSTEM OCENIANIA Z GEOGRAFII<\/a><\/p>\n<p><a href=\"https:\/\/www.spbezmiechowa.pl\/wp-content\/uploads\/wordpress\/PRZEDMIOTOWY-SYSTEM-OCENIANIA-Z-INFORMATYKI-1.pdf\">PRZEDMIOTOWY SYSTEM OCENIANIA Z INFORMATYKI<\/a><\/p>\n<p><a href=\"https:\/\/www.spbezmiechowa.pl\/wp-content\/uploads\/wordpress\/Przedmiotowy-System-Oceniania-z-jezyka-polskiego.docx\">Przedmiotowy System Oceniania z j\u0119zyka polskiego<\/a><\/p>\n<p><a href=\"https:\/\/www.spbezmiechowa.pl\/wp-content\/uploads\/wordpress\/PRZEDMIOTOWY-SYSTEM-OCENIANIA-Z-PLASTYKI-1.pdf\">PRZEDMIOTOWY SYSTEM OCENIANIA Z PLASTYKI<\/a><\/p>\n<p><a href=\"https:\/\/www.spbezmiechowa.pl\/wp-content\/uploads\/wordpress\/PRZEDMIOTOWY-SYSTEM-OCENIANIA-Z-TECHNIKI-4-1.pdf\">PRZEDMIOTOWY SYSTEM OCENIANIA Z TECHNIKI 4<\/a><\/p>\n<p><a href=\"https:\/\/www.spbezmiechowa.pl\/wp-content\/uploads\/wordpress\/PRZEDMIOTOWY-SYSTEM-OCENIANIA-Z-TECHNIKI-5-6-1.pdf\">PRZEDMIOTOWY SYSTEM OCENIANIA Z TECHNIKI 5-6<\/a><\/p>\n<p><a href=\"https:\/\/www.spbezmiechowa.pl\/wp-content\/uploads\/wordpress\/Przedmiotowy-System-Oceniania-z-wychowania-fizycznego.docx\">Przedmiotowy System Oceniania z wychowania fizycznego<\/a><\/p>\n<p><a href=\"https:\/\/www.spbezmiechowa.pl\/wp-content\/uploads\/wordpress\/PSO-EDB-1.docx\">PSO EDB<\/a><\/p>\n<p><a href=\"https:\/\/www.spbezmiechowa.pl\/wp-content\/uploads\/wordpress\/PSO-niemiecki-2025-nowe-progi-WSO-1.docx\">PSO niemiecki 2025 nowe progi WSO<\/a><\/p>\n<p><a href=\"https:\/\/www.spbezmiechowa.pl\/wp-content\/uploads\/wordpress\/PSO-z-muzyki-1.odt\">PSO z muzyki<\/a><\/p>\n<p><a href=\"https:\/\/www.spbezmiechowa.pl\/wp-content\/uploads\/wordpress\/pso_przyroda-2025-1.docx\">pso_przyroda 2025<\/a><\/p>\n<p><a href=\"https:\/\/www.spbezmiechowa.pl\/wp-content\/uploads\/wordpress\/Kryteria-oceniania-z-chemii-2025-2026.doc\">Kryteria oceniania z chemii 2025-2026<\/a><\/p>\n<p><a href=\"https:\/\/www.spbezmiechowa.pl\/wp-content\/uploads\/wordpress\/Kryteria-oceniania-z-matematyki-2025-2026.doc\">Kryteria oceniania z matematyki 2025-2026<\/a><\/p>\n<p><a href=\"https:\/\/www.spbezmiechowa.pl\/wp-content\/uploads\/wordpress\/PSO-z-fizyki.docx\">PSO z fizyki<\/a><\/p>\n<p><a href=\"https:\/\/www.spbezmiechowa.pl\/wp-content\/uploads\/wordpress\/PSO-z-historii-kl.4-6-2.docx\">PSO z historii kl.4-6 2<\/a><\/p>\n<p><a href=\"https:\/\/www.spbezmiechowa.pl\/wp-content\/uploads\/wordpress\/PSO-z-historii-kl.7-8.docx\">PSO z historii kl.7-8<\/a><\/p>\n<p><a href=\"https:\/\/www.spbezmiechowa.pl\/wp-content\/uploads\/wordpress\/PSO-z-j.angielskiego-kl.1-3.docx\">PSO z j.angielskiego kl.1-3<\/a><\/p>\n<p><a href=\"https:\/\/www.spbezmiechowa.pl\/wp-content\/uploads\/wordpress\/PSO-z-j.angielskiego-kl.4-8.docx\">PSO z j.angielskiego kl.4-8<\/a><\/p>\n<p><a href=\"https:\/\/www.spbezmiechowa.pl\/wp-content\/uploads\/wordpress\/PSO-z-wiedzy-o-spoleczenstwie-dla-klasy-VIII-na-rok-szkolny.docx\">PSO z wiedzy o spo\u0142ecze\u0144stwie dla klasy VIII na rok szkolny<\/a><\/p>\n\n\n<p><\/p>\n","protected":false},"excerpt":{"rendered":"<p>&nbsp; Procentowe kryterium oceniania od 29% i poni\u017cej niedostateczny od 30%&nbsp; do 32% + niedostateczny od 33% do 43% dopuszczaj\u0105cy od 44% do 49% + dopuszczaj\u0105cy od 50% do 63% dostateczny od 64% do 69% + dostateczny od 70% do 84% dobry od 85% do 89% + dobry od 90% do 94% bardzo dobry od [&hellip;]<\/p>\n","protected":false},"author":2,"featured_media":0,"parent":15,"menu_order":2,"comment_status":"closed","ping_status":"closed","template":"","meta":{"ngg_post_thumbnail":0,"footnotes":""},"class_list":["post-15584","page","type-page","status-publish","hentry"],"_links":{"self":[{"href":"https:\/\/www.spbezmiechowa.pl\/index.php?rest_route=\/wp\/v2\/pages\/15584","targetHints":{"allow":["GET"]}}],"collection":[{"href":"https:\/\/www.spbezmiechowa.pl\/index.php?rest_route=\/wp\/v2\/pages"}],"about":[{"href":"https:\/\/www.spbezmiechowa.pl\/index.php?rest_route=\/wp\/v2\/types\/page"}],"author":[{"embeddable":true,"href":"https:\/\/www.spbezmiechowa.pl\/index.php?rest_route=\/wp\/v2\/users\/2"}],"replies":[{"embeddable":true,"href":"https:\/\/www.spbezmiechowa.pl\/index.php?rest_route=%2Fwp%2Fv2%2Fcomments&post=15584"}],"version-history":[{"count":9,"href":"https:\/\/www.spbezmiechowa.pl\/index.php?rest_route=\/wp\/v2\/pages\/15584\/revisions"}],"predecessor-version":[{"id":18799,"href":"https:\/\/www.spbezmiechowa.pl\/index.php?rest_route=\/wp\/v2\/pages\/15584\/revisions\/18799"}],"up":[{"embeddable":true,"href":"https:\/\/www.spbezmiechowa.pl\/index.php?rest_route=\/wp\/v2\/pages\/15"}],"wp:attachment":[{"href":"https:\/\/www.spbezmiechowa.pl\/index.php?rest_route=%2Fwp%2Fv2%2Fmedia&parent=15584"}],"curies":[{"name":"wp","href":"https:\/\/api.w.org\/{rel}","templated":true}]}}