{"id":16388,"date":"2024-03-29T14:13:36","date_gmt":"2024-03-29T14:13:36","guid":{"rendered":"https:\/\/www.spbezmiechowa.pl\/?page_id=16388"},"modified":"2024-05-11T18:40:38","modified_gmt":"2024-05-11T18:40:38","slug":"standardy-ochrony-maloletnich","status":"publish","type":"page","link":"https:\/\/www.spbezmiechowa.pl\/?page_id=16388","title":{"rendered":"Standardy ochrony ma\u0142oletnich"},"content":{"rendered":"<p>Standardy ochrony ma\u0142oletnich to&nbsp;<strong>zestaw zasad i procedur, kt\u00f3re maj\u0105 chroni\u0107 dzieci i m\u0142odzie\u017c w plac\u00f3wkach o\u015bwiatowych przed wszelkimi sytuacjami, w kt\u00f3rych mogliby zosta\u0107 skrzywdzeni<\/strong>.<\/p>\n<p>W plikach do pobrania znajduj\u0105 si\u0119: pe\u0142na wersja dokumentu oraz za\u0142\u0105czniki.<\/p>\n<p>&nbsp;<\/p>\n<p><a href=\"https:\/\/www.spbezmiechowa.pl\/wp-content\/uploads\/wordpress\/Standardy-SPB.pdf\">Standardy SPB<\/a><\/p>\n<p>&nbsp;<\/p>\n<p><a href=\"https:\/\/www.spbezmiechowa.pl\/wp-content\/uploads\/wordpress\/Wykaz-zalacznikow-do-standardow.pdf\">Wykaz za\u0142\u0105cznik\u00f3w do standard\u00f3w<\/a><\/p>\n<p>&nbsp;<\/p>\n<p>&nbsp;<\/p>\n<p>&nbsp;<\/p>\n<p>&nbsp;<\/p>\n<p>&nbsp;<\/p>\n<p>&nbsp;<\/p>\n<p>&nbsp;<\/p>\n","protected":false},"excerpt":{"rendered":"<p>Standardy ochrony ma\u0142oletnich to&nbsp;zestaw zasad i procedur, kt\u00f3re maj\u0105 chroni\u0107 dzieci i m\u0142odzie\u017c w plac\u00f3wkach o\u015bwiatowych przed wszelkimi sytuacjami, w kt\u00f3rych mogliby zosta\u0107 skrzywdzeni. W plikach do pobrania znajduj\u0105 si\u0119: pe\u0142na wersja dokumentu oraz za\u0142\u0105czniki. &nbsp; Standardy SPB &nbsp; Wykaz za\u0142\u0105cznik\u00f3w do standard\u00f3w &nbsp; &nbsp; &nbsp; &nbsp; &nbsp; &nbsp; &nbsp;<\/p>\n","protected":false},"author":2,"featured_media":0,"parent":16760,"menu_order":1,"comment_status":"closed","ping_status":"closed","template":"","meta":{"ngg_post_thumbnail":0,"footnotes":""},"class_list":["post-16388","page","type-page","status-publish","hentry"],"_links":{"self":[{"href":"https:\/\/www.spbezmiechowa.pl\/index.php?rest_route=\/wp\/v2\/pages\/16388","targetHints":{"allow":["GET"]}}],"collection":[{"href":"https:\/\/www.spbezmiechowa.pl\/index.php?rest_route=\/wp\/v2\/pages"}],"about":[{"href":"https:\/\/www.spbezmiechowa.pl\/index.php?rest_route=\/wp\/v2\/types\/page"}],"author":[{"embeddable":true,"href":"https:\/\/www.spbezmiechowa.pl\/index.php?rest_route=\/wp\/v2\/users\/2"}],"replies":[{"embeddable":true,"href":"https:\/\/www.spbezmiechowa.pl\/index.php?rest_route=%2Fwp%2Fv2%2Fcomments&post=16388"}],"version-history":[{"count":5,"href":"https:\/\/www.spbezmiechowa.pl\/index.php?rest_route=\/wp\/v2\/pages\/16388\/revisions"}],"predecessor-version":[{"id":16400,"href":"https:\/\/www.spbezmiechowa.pl\/index.php?rest_route=\/wp\/v2\/pages\/16388\/revisions\/16400"}],"up":[{"embeddable":true,"href":"https:\/\/www.spbezmiechowa.pl\/index.php?rest_route=\/wp\/v2\/pages\/16760"}],"wp:attachment":[{"href":"https:\/\/www.spbezmiechowa.pl\/index.php?rest_route=%2Fwp%2Fv2%2Fmedia&parent=16388"}],"curies":[{"name":"wp","href":"https:\/\/api.w.org\/{rel}","templated":true}]}}