{"id":17217,"date":"2024-09-09T19:44:00","date_gmt":"2024-09-09T19:44:00","guid":{"rendered":"https:\/\/www.spbezmiechowa.pl\/?page_id=17217"},"modified":"2025-10-01T14:53:09","modified_gmt":"2025-10-01T14:53:09","slug":"doradztwo-zawodowe","status":"publish","type":"page","link":"https:\/\/www.spbezmiechowa.pl\/?page_id=17217","title":{"rendered":"Doradztwo zawodowe"},"content":{"rendered":"<p><a href=\"https:\/\/www.spbezmiechowa.pl\/wp-content\/uploads\/wordpress\/Doradz.Zaw_.-gazetka.docx\">Doradz.Zaw. -gazetka<\/a><\/p>\n<p><a href=\"https:\/\/www.spbezmiechowa.pl\/wp-content\/uploads\/wordpress\/Doradz.Zaw_.-DLA-RODZICOW.docx\">Doradz.Zaw. -DLA RODZIC\u00d3W<\/a><\/p>\n<p><a href=\"https:\/\/www.spbezmiechowa.pl\/wp-content\/uploads\/wordpress\/Program-doradztwa-zawodowego-na-rok-szkolny-2025-2026.docx\">Program doradztwa zawodowego na rok szkolny 2025-2026<\/a><\/p>\n<p><a href=\"https:\/\/www.spbezmiechowa.pl\/wp-content\/uploads\/wordpress\/Wewnatrzszkolny-system-doradztwa-zawodowego.docx\">Wewn\u0105trzszkolny system doradztwa zawodowego<\/a><\/p>\n<p><a href=\"https:\/\/www.spbezmiechowa.pl\/wp-content\/uploads\/wordpress\/Materialy-dla-rodzicow.docx\">Materia\u0142y dla rodzic\u00f3w<\/a><\/p>\n<p><a href=\"https:\/\/www.spbezmiechowa.pl\/wp-content\/uploads\/wordpress\/Przydatne-linki-i-informacje.docx\">Przydatne linki i informacje<\/a><\/p>\n<p><a href=\"https:\/\/www.spbezmiechowa.pl\/wp-content\/uploads\/wordpress\/Testy-zainteresowan-i-predyspozycji-zawodowych.docx\">Testy zainteresowa\u0144 i predyspozycji zawodowych<\/a><\/p>\n","protected":false},"excerpt":{"rendered":"<p>Doradz.Zaw. -gazetka Doradz.Zaw. -DLA RODZIC\u00d3W Program doradztwa zawodowego na rok szkolny 2025-2026 Wewn\u0105trzszkolny system doradztwa zawodowego Materia\u0142y dla rodzic\u00f3w Przydatne linki i informacje Testy zainteresowa\u0144 i predyspozycji zawodowych<\/p>\n","protected":false},"author":2,"featured_media":0,"parent":0,"menu_order":16,"comment_status":"closed","ping_status":"closed","template":"","meta":{"ngg_post_thumbnail":0,"footnotes":""},"class_list":["post-17217","page","type-page","status-publish","hentry"],"_links":{"self":[{"href":"https:\/\/www.spbezmiechowa.pl\/index.php?rest_route=\/wp\/v2\/pages\/17217","targetHints":{"allow":["GET"]}}],"collection":[{"href":"https:\/\/www.spbezmiechowa.pl\/index.php?rest_route=\/wp\/v2\/pages"}],"about":[{"href":"https:\/\/www.spbezmiechowa.pl\/index.php?rest_route=\/wp\/v2\/types\/page"}],"author":[{"embeddable":true,"href":"https:\/\/www.spbezmiechowa.pl\/index.php?rest_route=\/wp\/v2\/users\/2"}],"replies":[{"embeddable":true,"href":"https:\/\/www.spbezmiechowa.pl\/index.php?rest_route=%2Fwp%2Fv2%2Fcomments&post=17217"}],"version-history":[{"count":4,"href":"https:\/\/www.spbezmiechowa.pl\/index.php?rest_route=\/wp\/v2\/pages\/17217\/revisions"}],"predecessor-version":[{"id":18728,"href":"https:\/\/www.spbezmiechowa.pl\/index.php?rest_route=\/wp\/v2\/pages\/17217\/revisions\/18728"}],"wp:attachment":[{"href":"https:\/\/www.spbezmiechowa.pl\/index.php?rest_route=%2Fwp%2Fv2%2Fmedia&parent=17217"}],"curies":[{"name":"wp","href":"https:\/\/api.w.org\/{rel}","templated":true}]}}