{"id":17770,"date":"2025-01-23T07:36:54","date_gmt":"2025-01-23T07:36:54","guid":{"rendered":"https:\/\/www.spbezmiechowa.pl\/?page_id=17770"},"modified":"2025-01-23T07:37:59","modified_gmt":"2025-01-23T07:37:59","slug":"fascynujace-tajemnice-szybownictwa-spotkanie-z-pilotami","status":"publish","type":"page","link":"https:\/\/www.spbezmiechowa.pl\/?page_id=17770","title":{"rendered":"Fascynuj\u0105ce tajemnice szybownictwa &#8211; spotkanie z pilotami"},"content":{"rendered":"<p>W sobot\u0119 18 stycznia 2025r. uczniowie naszej szko\u0142y mieli okazj\u0119 uczestniczy\u0107 w spotkaniu z mistrzami przestworzy \u2013 pilotami szybowc\u00f3w, wielokrotnymi medalistami \u2013 panami: <strong>\u0141ukaszem Grabowskim, Jackiem Flisem i Jerzym Kolasi\u0144skim<\/strong>. Wydarzenie to na d\u0142ugo zostanie w pami\u0119ci wszystkich, kt\u00f3rzy marz\u0105 o lataniu i fascynuj\u0105 si\u0119 \u015bwiatem szybownictwa.<\/p>\n<p>Spotkanie odby\u0142o si\u0119 na g\u00f3rnym korytarzu, gdzie pani Dyrektor Agata W\u00f3jcicka powita\u0142a wszystkich zebranych i przedstawi\u0142a przyby\u0142ych go\u015bci. Piloci opowiadali o swojej pasji do latania, towarzysz\u0105cej im od najm\u0142odszych lat. Szczeg\u00f3lnym zainteresowaniem uczni\u00f3w cieszy\u0142y si\u0119 opowie\u015bci pan\u00f3w o ich pierwszych lotach szybowcowych, startach w zawodach sportowych, kt\u00f3re \u2013 jak podkre\u015blali \u2013 wymagaj\u0105 nie tylko umiej\u0119tno\u015bci, ale tak\u017ce odwagi i zami\u0142owania do tego, co si\u0119 robi. Mogli\u015bmy si\u0119 r\u00f3wnie\u017c dowiedzie\u0107 jakie mechanizmy umo\u017cliwiaj\u0105 wznoszenie si\u0119 maszyn w powietrze, szczeg\u00f3lnie fascynuj\u0105ca okaza\u0142a si\u0119 informacja, \u017ce szybowce wykorzystuj\u0105 pr\u0105dy termiczne, aby unosi\u0107 si\u0119 na du\u017cych wysoko\u015bciach \u2013 zupe\u0142nie jak ptaki!<\/p>\n<p><strong>Pytania, kt\u00f3re frapuj\u0105 najm\u0142odszych<\/strong><\/p>\n<p>Czy latanie szybowcem jest bezpieczne? Kt\u00f3ry lot by\u0142 najd\u0142u\u017cszym lotem? Co najbardziej fascynuje w lataniu? &#8230; Dzieci nie kry\u0142y swojej ciekawo\u015bci i zasypa\u0142y pilot\u00f3w wieloma pytaniami. Ci z u\u015bmiechem odpowiadali i wyja\u015bnili. Zaznaczyli, \u017ce szybowce to jedne z najbezpieczniejszych maszyn lataj\u0105cych, pod warunkiem przestrzegania zasad bezpiecze\u0144stwa i odpowiedniego szkolenia. Kolejne pytania dotyczy\u0142y m.in. tego, jak d\u0142ugo trwa nauka pilota\u017cu, czy szybowce mog\u0105 lata\u0107 noc\u0105, oraz jakie emocje towarzysz\u0105 pierwszemu samodzielnemu lotowi. Warto nadmieni\u0107, \u017ce nasi go\u015bcie nie kryli zaskoczenia i czasem \u2013 jak sami stwierdzili \u2013 musieli dobrze si\u0119 zastanowi\u0107, aby sprosta\u0107 ciekawo\u015bci m\u0142odych ludzi.<\/p>\n<p><strong>Inspiracja na przysz\u0142o\u015b\u0107<\/strong><\/p>\n<p>Spotkanie z pilotami nie tylko dostarczy\u0142o uczniom wielu nowych informacji, ale tak\u017ce rozbudzi\u0142o ich wyobra\u017ani\u0119 i marzenia o podniebnych podr\u00f3\u017cach. Wielu z nich po zako\u0144czeniu spotkania zadeklarowa\u0142o, \u017ce w przysz\u0142o\u015bci chcia\u0142oby zosta\u0107 pilotami. Kto wie, mo\u017ce w\u0142a\u015bnie<br \/>\nw naszej szkole uczy si\u0119 przysz\u0142y mistrz szybowcowy?<\/p>\n<p>Na koniec pani Dyrektor Agata W\u00f3jcicka w asy\u015bcie Samorz\u0105du Szkolnego wr\u0119czy\u0142a pilotom drobne pami\u0105tki, podzi\u0119kowa\u0142a za wsp\u00f3lnie sp\u0119dzony czas i zaanga\u017cowanie, a zebrani s\u0142uchacze po\u017cegnali go\u015bci gromkimi brawami.<\/p>\n<p>By\u0142o to z pewno\u015bci\u0105 inspiruj\u0105ce spotkanie, kt\u00f3re na pewno przyczyni\u0142o si\u0119 do popularyzacji lotnictwa w\u015br\u00f3d uczni\u00f3w. Po zako\u0144czeniu cz\u0119\u015bci oficjalnej i wsp\u00f3lnych podzi\u0119kowaniach &nbsp;wszyscy obecni mogli porozmawia\u0107, dosta\u0107 autografy oraz stan\u0105\u0107 do wsp\u00f3lnego zdj\u0119cia na tle naszego szkolonego muralu.<\/p>\n<p>Wszystkim Go\u015bciom, Dyrekcji Szko\u0142y, Nauczycielom, Rodzicom i Dzieciom serdecznie dzi\u0119kujemy za przybycie oraz wsp\u00f3lne sp\u0119dzenie tego mi\u0142ego popo\u0142udnia.<\/p>\n<p>&nbsp;<\/p>\n<p style=\"text-align: right;\">Tekst i zdj\u0119cia:<br \/>\nPawe\u0142 Kr\u00f3l<\/p>\nngg_shortcode_0_placeholder\n","protected":false},"excerpt":{"rendered":"<p>W sobot\u0119 18 stycznia 2025r. uczniowie naszej szko\u0142y mieli okazj\u0119 uczestniczy\u0107 w spotkaniu z mistrzami przestworzy \u2013 pilotami szybowc\u00f3w, wielokrotnymi medalistami \u2013 panami: \u0141ukaszem Grabowskim, Jackiem Flisem i Jerzym Kolasi\u0144skim. Wydarzenie to na d\u0142ugo zostanie w pami\u0119ci wszystkich, kt\u00f3rzy marz\u0105 o lataniu i fascynuj\u0105 si\u0119 \u015bwiatem szybownictwa. Spotkanie odby\u0142o si\u0119 na g\u00f3rnym korytarzu, gdzie pani [&hellip;]<\/p>\n","protected":false},"author":2,"featured_media":0,"parent":16744,"menu_order":10,"comment_status":"closed","ping_status":"closed","template":"","meta":{"ngg_post_thumbnail":0,"footnotes":""},"class_list":["post-17770","page","type-page","status-publish","hentry"],"_links":{"self":[{"href":"https:\/\/www.spbezmiechowa.pl\/index.php?rest_route=\/wp\/v2\/pages\/17770","targetHints":{"allow":["GET"]}}],"collection":[{"href":"https:\/\/www.spbezmiechowa.pl\/index.php?rest_route=\/wp\/v2\/pages"}],"about":[{"href":"https:\/\/www.spbezmiechowa.pl\/index.php?rest_route=\/wp\/v2\/types\/page"}],"author":[{"embeddable":true,"href":"https:\/\/www.spbezmiechowa.pl\/index.php?rest_route=\/wp\/v2\/users\/2"}],"replies":[{"embeddable":true,"href":"https:\/\/www.spbezmiechowa.pl\/index.php?rest_route=%2Fwp%2Fv2%2Fcomments&post=17770"}],"version-history":[{"count":2,"href":"https:\/\/www.spbezmiechowa.pl\/index.php?rest_route=\/wp\/v2\/pages\/17770\/revisions"}],"predecessor-version":[{"id":17772,"href":"https:\/\/www.spbezmiechowa.pl\/index.php?rest_route=\/wp\/v2\/pages\/17770\/revisions\/17772"}],"up":[{"embeddable":true,"href":"https:\/\/www.spbezmiechowa.pl\/index.php?rest_route=\/wp\/v2\/pages\/16744"}],"wp:attachment":[{"href":"https:\/\/www.spbezmiechowa.pl\/index.php?rest_route=%2Fwp%2Fv2%2Fmedia&parent=17770"}],"curies":[{"name":"wp","href":"https:\/\/api.w.org\/{rel}","templated":true}]}}