{"id":2,"date":"2011-03-22T11:47:50","date_gmt":"2011-03-22T11:47:50","guid":{"rendered":"http:\/\/sanok.nazwa.pl\/szkola\/?page_id=2"},"modified":"2024-05-11T17:53:33","modified_gmt":"2024-05-11T17:53:33","slug":"historia-szkoly","status":"publish","type":"page","link":"https:\/\/www.spbezmiechowa.pl\/?page_id=2","title":{"rendered":"Historia Szko\u0142y"},"content":{"rendered":"<p><span style=\"font-size: small;\">Nasza szko\u0142a zosta\u0142a wybudowana w 1967 roku. Jej uroczyste otwarcie i przekazanie m\u0142odzie\u017cy nast\u0105pi\u0142o 22 lipca. Klucze do nowego obiektu zosta\u0142y wr\u0119czone kierownikowi szko\u0142y \u2013 p. magistrowi Micha\u0142owi Or\u0142owskiemu, zajmuj\u0105cemu to stanowisko w latach 1966 \u2013 1975.<\/span><\/p>\n<p><span style=\"font-size: small;\">W 1974 roku przed nasz\u0105 szko\u0142\u0105 zosta\u0142a zamontowana przez cz\u0142onk\u00f3w Aeroklubu Kro\u015bnie\u0144skiego makieta samolotu TS \u2013 8 \u2013 BIES. Jest ona wizyt\u00f3wk\u0105 naszej miejscowo\u015bci i przypomina o istnieniu s\u0142ynnej przedwojennej Szko\u0142y Szybowcowej w Bezmiechowej G\u00f3rnej.<\/span><\/p>\n<p><span style=\"font-size: small;\">Nasza szko\u0142a jest miejscem spotka\u0144 entuzjast\u00f3w szybownictwa zwi\u0105zanych z r\u00f3\u017cnymi aeroklubami z Polski.<\/span><\/p>\n<p><span style=\"font-size: small;\">W latach 1975-1977 funkcj\u0119 dyrektora szko\u0142y pe\u0142ni\u0142 p. Anatol Olszewski, a nast\u0119pnie p. Marta Latusek, kt\u00f3ra na tym stanowisku pozosta\u0142a do 1980 roku. Od 1980 roku, przez okres 10 lat, funkcj\u0119 dyrektora pe\u0142ni\u0142a p. Urszula Ba\u0144czak. W tym czasie szko\u0142a pod jej kierownictwem kontynuowa\u0142a tradycyjnie kalendarz uroczysto\u015bci i imprez rozrywkowych, np. Dzie\u0144 Matki, Dzie\u0144 Dziecka, Choinka Noworoczna. W roku szkolnym 1990\/1991 obowi\u0105zki dyrektora, na jeden rok, przyj\u0119\u0142a pani Anna Warcho\u0142.<\/span><\/p>\n<p><span style=\"font-size: small;\">Zmiany spo\u0142eczno &#8211; polityczne, jakie w tym czasie dokona\u0142y si\u0119 w naszym kraju mia\u0142y zasadniczy wp\u0142yw na atmosfer\u0119 wychowawcz\u0105 w szkole. Po raz pierwszy od wielu lat uroczysto\u015b\u0107 inauguracji roku szkolnego rozpocz\u0119\u0142a si\u0119 od uczestnictwa dzieci i nauczycieli we wsp\u00f3lnym nabo\u017ce\u0144stwie. Wszystkie dzieci szkolne mog\u0142y ju\u017c bez przeszk\u00f3d ucz\u0119szcza\u0107 na lekcje religii, a dzie\u0144 11 listopada obchodzono jako rocznic\u0119 odzyskania niepodleg\u0142o\u015bci i tak\u017ce po raz pierwszy oficjalnie oddano ho\u0142d oficerom polskim pomordowanym w Katyniu i innych obozach polskich na terenie by\u0142ego ZSRR.<\/span><\/p>\n<p><span style=\"font-size: small;\">Od 1991 roku funkcj\u0119 dyrektora szko\u0142y pe\u0142ni p. magister Lucyna Matuszewska, kt\u00f3ra by\u0142a inicjatork\u0105 zwi\u0105zania nazwy szko\u0142y z szybowcowymi tradycjami Bezmiechowej. Do tej pory nieustannie dba o dynamiczny rozw\u00f3j szko\u0142y na ka\u017cdej p\u0142aszczy\u017anie &#8211; poprzez sta\u0142e remonty, poszerzanie bazy dydaktycznej i sportowej, stara si\u0119 zapewni\u0107 uczniom optymalne warunki kszta\u0142cenia. Pod jej kierownictwem szko\u0142a nadal rozwija si\u0119 we wszystkich \u00a0aspektach. Nawi\u0105zuje do najlepszych tradycji zakorzenionych w historii naszej ojczyzny i miejscowo\u015bci. Szko\u0142a s\u0142u\u017cy \u015brodowisku, w kt\u00f3rym funkcjonuje i stara si\u0119 je przetwarza\u0107 podnosz\u0105c na wy\u017cszy poziom.<\/span><\/p>\n<p><span style=\"font-size: small;\">3 listopada 1993 roku mia\u0142o miejsce niecodzienne wydarzenie w \u017cyciu naszej szko\u0142y. Go\u015bcili\u015bmy wtedy dostojnego go\u015bcia w osobie metropolity przemyskiego, arcybiskupa J\u00f3zefa Michalika. Do podobnego spotkania dosz\u0142o w maju ubieg\u0142ego roku z ks. biskupem Stefanem Moskw\u0105.<\/span><\/p>\n<p><span style=\"font-size: small;\">W roku szkolnym 1997\/1998 po raz pierwszy odwiedzi\u0142 nasz\u0105 szko\u0142\u0119 pilot genera\u0142 brygady p. Tadeusz G\u00f3ra, kt\u00f3ry jako uczestnik Szko\u0142y Szybowcowej odby\u0142 najdalszy lot &#8211; 578 km a\u017c \u00a0w okolice Wilna, za co otrzyma\u0142 w owym czasie najwy\u017csze wyr\u00f3\u017cnienie &#8211; Medal Lilienthala.<\/span><\/p>\n<p><span style=\"font-size: small;\">16 maja 1999 roku w ko\u015bciele parafialnym,\u00a0 podczas Mszy \u015awi\u0119tej, nast\u0105pi\u0142o uroczyste po\u015bwi\u0119cenie sztandaru naszej szko\u0142y, a 12 czerwca 1999 roku mia\u0142o miejsce najwi\u0119ksze wydarzenie w \u017cyciu szko\u0142y \u2013 nadanie imienia \u201eSZYBOWNIK\u00d3W POLSKICH\u201d.<\/span><\/p>\n<p><span style=\"font-size: small;\">Szko\u0142a otrzyma\u0142a wtedy cenne pami\u0105tki. P. Tadeusz G\u00f3ra przekaza\u0142 sw\u00f3j Medal Lilienthala, co zosta\u0142o odebrane jako wielki dow\u00f3d zaufania i uznania dla nas. W spotkaniu tym wzi\u0119li udzia\u0142 znamienici go\u015bcie: piloci przedwojenni i powojenni, lataj\u0105cy na szybowcach nad Bezmiechow\u0105 \u2013 wspomniany powy\u017cej p. Tadeusz G\u00f3ra, p. Irena Kemp\u00f3wna \u2013 \u00a0Zabie\u0142\u0142o, p. Edward Mikulski.<br \/>\nDo szko\u0142y na uroczysto\u015b\u0107 przybyli tak\u017ce p. Tadeusz Chwa\u0142czyk \u2013 autor pierwszej ksi\u0105\u017cki o bieszczadzkich szybowiskach, go\u015bcie z Politechniki Rzeszowskiej, Aeroklubu Polskiego, Aeroklubu Bieszczadzkiego, ze Stowarzyszenia na Rzecz Rozwoju i Reaktywowania Szko\u0142y Szybowcowej w Bezmiechowej oraz by\u0142y proboszcz parafii ks. Tadeusz Sabik, p. wizytator Kuratorium O\u015bwiaty \u2013 Maria Zimo\u0144 i Burmistrz Miasta i Gminy Lesko \u2013 p. Robert Petka.<\/span><\/p>\n<p><span style=\"font-size: small;\">Uroczysto\u015b\u0107 ta uwie\u0144czy\u0142a wieloletni\u0105 prac\u0119 wychowawcz\u0105 dyrektor\u00f3w i nauczycieli zwi\u0105zan\u0105 z histori\u0105 szybownictwa na naszym terenie.<\/span><\/p>\n<p><span style=\"font-size: small;\">W roku szkolnym 2000\/2001 \u2013 w pierwsz\u0105 rocznic\u0119 nadania szkole imienia \u2013 odwiedzili nas zaprzyja\u017anieni ze szko\u0142\u0105 piloci seniorzy, a tak\u017ce piloci wsp\u00f3\u0142cze\u015bni. W\u015br\u00f3d nich znajdowali si\u0119: p. Tadeusz G\u00f3ra, p. Jadwiga Pi\u0142sudska \u2013 Jaraczewska \u2013 c\u00f3rka Marsza\u0142ka Polski J\u00f3zefa Pi\u0142sudskiego, kt\u00f3ra przed wojn\u0105 tak\u017ce lata\u0142a na szybowcach w Bezmiechowej, p. Irena Kemp\u00f3wna \u2013 Zabie\u0142\u0142o, p. J\u00f3zef Dankowski i wielu innych.<\/span><\/p>\n<p><span style=\"font-size: small;\">W roku szkolnym 2006\/2007 najwa\u017cniejszym wydarzeniem by\u0142 obchodzony\u00a029 wrze\u015bnia Jubileusz 40 \u2013 lecia istnienia naszej szko\u0142y. By\u0142a to wyj\u0105tkowa podr\u00f3\u017c\u00a0w przesz\u0142o\u015b\u0107. Z tej okazji zosta\u0142a wydana ksi\u0105\u017ceczka opisuj\u0105ca histori\u0119 i wsp\u00f3\u0142czesn\u0105 dzia\u0142alno\u015b\u0107 szko\u0142y oraz ludzi z ni\u0105 zwi\u0105zanych. W uroczysto\u015bci udzia\u0142 wzi\u0119li: w\u0142adze miasta, emerytowani nauczyciele i pracownicy szko\u0142y, absolwenci.<\/span><\/p>\n<p><span style=\"font-size: small;\">Drugim, niezwykle znacz\u0105cym wydarzeniem by\u0142o powo\u0142anie Alternatywnego O\u015brodka Przedszkolnego dla dzieci<br \/>\nz Bezmiechowej w wieku 3 \u2013 5 lat. Przedszkole zaistnia\u0142o dzi\u0119ki Fundacji \u201ePomocna d\u0142o\u0144\u201d. Edukacj\u0105 przedszkoln\u0105 obj\u0119to 18 dzieci.<\/span><\/p>\n<p><span style=\"font-size: small;\">12 wrze\u015bnia w 2008 roku \u00a0w naszej szkole odby\u0142o si\u0119 wielkie spotkanie pilotek z ca\u0142ej Polski. W\u015br\u00f3d go\u015bci pojawi\u0142a si\u0119 m.in. p. Adela Dankowska, obecnie najbardziej utytu\u0142owana polska szybownicza w \u015bwiecie, natomiast w pa\u017adzierniku tego samego roku ods\u0142oni\u0119to pami\u0105tkow\u0105 tablic\u0119 upami\u0119tniaj\u0105c\u0105 7 Polskich zdobywc\u00f3w medalu Lilienthala, ufundowan\u0105 przez grup\u0119 entuzjast\u00f3w szybownictwa zrzeszonych w \u201eKlubie Mi\u0142o\u015bnik\u00f3w Zabytkowych Szybowc\u00f3w\u201dpod kierunkiem p. Grzegorza Nadolnego z Aeroklubu Bydgoskiego.<\/span><\/p>\n<p><span style=\"font-size: small;\">4 czerwca 2009 roku obchodzili\u015bmy uroczy\u015bcie jubileusz 10 \u2013 lecia nadania naszej szkole imienia.<br \/>\nW uroczysto\u015bci wzi\u0119li udzia\u0142 dostojni go\u015bcie: pani Burmistrz Miasta i Gminy Lesko Barbara Jankiewicz, pani Wizytator Krystyna Chowaniec, Ojciec Dominik Orczykowski \u2013 kapelan lotnik\u00f3w, Kanclerz PRz, pan Janusz Bury, pan Tadeusz Chwa\u0142czyk, p. Marta Olejnik, p. Jan J\u0105ka\u0142a \u2013 pilot, p. John Benett \u2013 pilot, p. Nikodem Buchowiecki \u2013 przewodnicz\u0105cy KSL w \u015awidniku.<\/span><\/p>\n<p><span style=\"font-size: small;\">15 listopada 2010 roku mia\u0142o miejsce uroczyste oddanie do u\u017cytku szkolnego placu zabaw, kt\u00f3ry zosta\u0142 zakupiony ze \u015brodk\u00f3w unijnych w ramach rz\u0105dowego programu \u201eRadosna szko\u0142a\u201d. Przeci\u0119cia wst\u0105\u017cki na obiekcie dokona\u0142y dzieci w asy\u015bcie p. Burmistrz Barbary Jankiewicz.<\/span><\/p>\n","protected":false},"excerpt":{"rendered":"<p>Nasza szko\u0142a zosta\u0142a wybudowana w 1967 roku. Jej uroczyste otwarcie i przekazanie m\u0142odzie\u017cy nast\u0105pi\u0142o 22 lipca. Klucze do nowego obiektu zosta\u0142y wr\u0119czone kierownikowi szko\u0142y \u2013 p. magistrowi Micha\u0142owi Or\u0142owskiemu, zajmuj\u0105cemu to stanowisko w latach 1966 \u2013 1975. W 1974 roku przed nasz\u0105 szko\u0142\u0105 zosta\u0142a zamontowana przez cz\u0142onk\u00f3w Aeroklubu Kro\u015bnie\u0144skiego makieta samolotu TS \u2013 8 \u2013 [&hellip;]<\/p>\n","protected":false},"author":1,"featured_media":0,"parent":16744,"menu_order":1,"comment_status":"closed","ping_status":"closed","template":"","meta":{"ngg_post_thumbnail":0,"footnotes":""},"class_list":["post-2","page","type-page","status-publish","hentry"],"_links":{"self":[{"href":"https:\/\/www.spbezmiechowa.pl\/index.php?rest_route=\/wp\/v2\/pages\/2","targetHints":{"allow":["GET"]}}],"collection":[{"href":"https:\/\/www.spbezmiechowa.pl\/index.php?rest_route=\/wp\/v2\/pages"}],"about":[{"href":"https:\/\/www.spbezmiechowa.pl\/index.php?rest_route=\/wp\/v2\/types\/page"}],"author":[{"embeddable":true,"href":"https:\/\/www.spbezmiechowa.pl\/index.php?rest_route=\/wp\/v2\/users\/1"}],"replies":[{"embeddable":true,"href":"https:\/\/www.spbezmiechowa.pl\/index.php?rest_route=%2Fwp%2Fv2%2Fcomments&post=2"}],"version-history":[{"count":1,"href":"https:\/\/www.spbezmiechowa.pl\/index.php?rest_route=\/wp\/v2\/pages\/2\/revisions"}],"predecessor-version":[{"id":13256,"href":"https:\/\/www.spbezmiechowa.pl\/index.php?rest_route=\/wp\/v2\/pages\/2\/revisions\/13256"}],"up":[{"embeddable":true,"href":"https:\/\/www.spbezmiechowa.pl\/index.php?rest_route=\/wp\/v2\/pages\/16744"}],"wp:attachment":[{"href":"https:\/\/www.spbezmiechowa.pl\/index.php?rest_route=%2Fwp%2Fv2%2Fmedia&parent=2"}],"curies":[{"name":"wp","href":"https:\/\/api.w.org\/{rel}","templated":true}]}}