{"id":250,"date":"2011-03-28T16:30:01","date_gmt":"2011-03-28T16:30:01","guid":{"rendered":"https:\/\/www.spbezmiechowa.pl\/?page_id=250"},"modified":"2024-05-11T18:23:03","modified_gmt":"2024-05-11T18:23:03","slug":"pracownicy-obslugi","status":"publish","type":"page","link":"https:\/\/www.spbezmiechowa.pl\/?page_id=250","title":{"rendered":"Pracownicy obs\u0142ugi"},"content":{"rendered":"<p><span style=\"font-size: medium;\"><strong>Pracownicy obs\u0142ugi szko\u0142y<\/strong><\/span><\/p>\n<p>&nbsp;<\/p>\n<p><span style=\"font-size: medium;\">1. Ewa Bogdan<\/span><\/p>\n<p><span style=\"font-size: medium;\">2. Feliks Bogdan<\/span><\/p>\n<p><span style=\"font-size: medium;\">3. Ma\u0142gorzata Wo\u017any<\/span><\/p>\n<p><span style=\"font-size: medium;\">4. Ma\u0142gorzata Malec<\/span><\/p>\n<p>&nbsp;<\/p>\n","protected":false},"excerpt":{"rendered":"<p>Pracownicy obs\u0142ugi szko\u0142y &nbsp; 1. Ewa Bogdan 2. Feliks Bogdan 3. Ma\u0142gorzata Wo\u017any 4. Ma\u0142gorzata Malec &nbsp;<\/p>\n","protected":false},"author":2,"featured_media":0,"parent":16751,"menu_order":2,"comment_status":"closed","ping_status":"closed","template":"","meta":{"ngg_post_thumbnail":0,"footnotes":""},"class_list":["post-250","page","type-page","status-publish","hentry"],"_links":{"self":[{"href":"https:\/\/www.spbezmiechowa.pl\/index.php?rest_route=\/wp\/v2\/pages\/250","targetHints":{"allow":["GET"]}}],"collection":[{"href":"https:\/\/www.spbezmiechowa.pl\/index.php?rest_route=\/wp\/v2\/pages"}],"about":[{"href":"https:\/\/www.spbezmiechowa.pl\/index.php?rest_route=\/wp\/v2\/types\/page"}],"author":[{"embeddable":true,"href":"https:\/\/www.spbezmiechowa.pl\/index.php?rest_route=\/wp\/v2\/users\/2"}],"replies":[{"embeddable":true,"href":"https:\/\/www.spbezmiechowa.pl\/index.php?rest_route=%2Fwp%2Fv2%2Fcomments&post=250"}],"version-history":[{"count":2,"href":"https:\/\/www.spbezmiechowa.pl\/index.php?rest_route=\/wp\/v2\/pages\/250\/revisions"}],"predecessor-version":[{"id":13091,"href":"https:\/\/www.spbezmiechowa.pl\/index.php?rest_route=\/wp\/v2\/pages\/250\/revisions\/13091"}],"up":[{"embeddable":true,"href":"https:\/\/www.spbezmiechowa.pl\/index.php?rest_route=\/wp\/v2\/pages\/16751"}],"wp:attachment":[{"href":"https:\/\/www.spbezmiechowa.pl\/index.php?rest_route=%2Fwp%2Fv2%2Fmedia&parent=250"}],"curies":[{"name":"wp","href":"https:\/\/api.w.org\/{rel}","templated":true}]}}