{"id":3153,"date":"2015-05-12T20:35:40","date_gmt":"2015-05-12T20:35:40","guid":{"rendered":"https:\/\/www.spbezmiechowa.pl\/?page_id=3153"},"modified":"2024-05-11T18:43:22","modified_gmt":"2024-05-11T18:43:22","slug":"nauczanie-domowe","status":"publish","type":"page","link":"https:\/\/www.spbezmiechowa.pl\/?page_id=3153","title":{"rendered":"Edukacja domowa"},"content":{"rendered":"<p>Dnia 1 czerwca 2015 r. po raz pierwszy w naszej szkole odby\u0142y si\u0119 egzaminy dzieci obj\u0119tych edukacj\u0105 domow\u0105. Do egzaminu przyst\u0105pi\u0142y dwie uczennice kl.VI, jedna z Ukrainy, a druga z Bia\u0142orusi. Obydwie pisa\u0142y test kompetencji sz\u00f3stoklasist\u00f3w i zdawa\u0142y egzaminy z poszczeg\u00f3lnych przedmiot\u00f3w.<\/p>\n<p>W nast\u0119pnych terminach zdaj\u0105 egzaminy kolejni uczniowie. Tym, kt\u00f3rzy zdali serdecznie gratulujemy, a tym kt\u00f3rzy maj\u0105 to przed sob\u0105 \u017cyczymy samych \u0142atwych zada\u0144 i jak najwy\u017cszych stopni.<!--more--><\/p>\nngg_shortcode_0_placeholder\nngg_shortcode_1_placeholder\nngg_shortcode_2_placeholder\nngg_shortcode_3_placeholder\n<p>&nbsp;<\/p>\n<p>&nbsp;<\/p>\n<p>&nbsp;<\/p>\n<p>&nbsp;<\/p>\n","protected":false},"excerpt":{"rendered":"<p>Dnia 1 czerwca 2015 r. po raz pierwszy w naszej szkole odby\u0142y si\u0119 egzaminy dzieci obj\u0119tych edukacj\u0105 domow\u0105. Do egzaminu przyst\u0105pi\u0142y dwie uczennice kl.VI, jedna z Ukrainy, a druga z Bia\u0142orusi. Obydwie pisa\u0142y test kompetencji sz\u00f3stoklasist\u00f3w i zdawa\u0142y egzaminy z poszczeg\u00f3lnych przedmiot\u00f3w. W nast\u0119pnych terminach zdaj\u0105 egzaminy kolejni uczniowie. Tym, kt\u00f3rzy zdali serdecznie gratulujemy, a [&hellip;]<\/p>\n","protected":false},"author":2,"featured_media":10888,"parent":0,"menu_order":11,"comment_status":"closed","ping_status":"closed","template":"","meta":{"ngg_post_thumbnail":0,"footnotes":""},"class_list":["post-3153","page","type-page","status-publish","has-post-thumbnail","hentry"],"_links":{"self":[{"href":"https:\/\/www.spbezmiechowa.pl\/index.php?rest_route=\/wp\/v2\/pages\/3153","targetHints":{"allow":["GET"]}}],"collection":[{"href":"https:\/\/www.spbezmiechowa.pl\/index.php?rest_route=\/wp\/v2\/pages"}],"about":[{"href":"https:\/\/www.spbezmiechowa.pl\/index.php?rest_route=\/wp\/v2\/types\/page"}],"author":[{"embeddable":true,"href":"https:\/\/www.spbezmiechowa.pl\/index.php?rest_route=\/wp\/v2\/users\/2"}],"replies":[{"embeddable":true,"href":"https:\/\/www.spbezmiechowa.pl\/index.php?rest_route=%2Fwp%2Fv2%2Fcomments&post=3153"}],"version-history":[{"count":9,"href":"https:\/\/www.spbezmiechowa.pl\/index.php?rest_route=\/wp\/v2\/pages\/3153\/revisions"}],"predecessor-version":[{"id":10890,"href":"https:\/\/www.spbezmiechowa.pl\/index.php?rest_route=\/wp\/v2\/pages\/3153\/revisions\/10890"}],"wp:featuredmedia":[{"embeddable":true,"href":"https:\/\/www.spbezmiechowa.pl\/index.php?rest_route=\/wp\/v2\/media\/10888"}],"wp:attachment":[{"href":"https:\/\/www.spbezmiechowa.pl\/index.php?rest_route=%2Fwp%2Fv2%2Fmedia&parent=3153"}],"curies":[{"name":"wp","href":"https:\/\/api.w.org\/{rel}","templated":true}]}}