{"id":8085,"date":"2018-02-19T12:43:25","date_gmt":"2018-02-19T12:43:25","guid":{"rendered":"https:\/\/www.spbezmiechowa.pl\/?page_id=8085"},"modified":"2024-05-11T18:27:51","modified_gmt":"2024-05-11T18:27:51","slug":"plan-pracy-samorzadu-uczniowskiemu","status":"publish","type":"page","link":"https:\/\/www.spbezmiechowa.pl\/?page_id=8085","title":{"rendered":"Plan pracy Samorz\u0105du Uczniowskiemu"},"content":{"rendered":"<p><strong>PLAN PRACY SAMORZ\u0104DU UCZNIOWSKIEGO W ROKU SZKOLNYM 2022\/2023<\/strong><\/p>\n<p>&nbsp;<\/p>\n<p>Celem Samorz\u0105du Uczniowskiego jest kszta\u0142towanie samodzielnego i \u015bwiadomego kierowania swoim post\u0119powaniem, kszta\u0142towanie postawy, kt\u00f3ra prowadzi do identyfikowania si\u0119 z celami i zadaniami spo\u0142eczno\u015bci szkolnej, uznaniu ich za w\u0142asne, d\u0105\u017cenie do ich realizacji z w\u0142asnej inicjatywy i poczucia w\u0142asnej za nie odpowiedzialno\u015bci.<\/p>\n<p>&nbsp;Realizacja cel\u00f3w winna by\u0107 po\u0142\u0105czona z dba\u0142o\u015bci\u0105 o kszta\u0142towanie &nbsp;i rozwijanie patriotyzmu, dbanie o dobre imi\u0119 szko\u0142y, o jej honor oraz kultywowanie i wzbogacanie jej tradycji.<\/p>\n<p>&nbsp;<\/p>\n<p><strong>ZADANIA SAMORZ\u0104DU NA ROK SZKOLNY 2022\/2023:<\/strong><\/p>\n<p>&nbsp;<\/p>\n<ol>\n<li>Organizowanie i zach\u0119canie ca\u0142ej spo\u0142eczno\u015bci uczniowskiej do nale\u017cytego spe\u0142niania obowi\u0105zk\u00f3w szkolnych.<\/li>\n<li>Rozwijanie zainteresowa\u0144 naukowych, kulturalnych, sportowych, organizowanie rozrywki.<\/li>\n<li>Organizowanie imprez o charakterze powa\u017cnym i rozrywkowym.<\/li>\n<li>Zapobieganie przemocy i agresji w szkole i poza szko\u0142\u0105.<\/li>\n<li>Zapobieganie konfliktom i rozstrzyganie spor\u00f3w mi\u0119dzy uczniami.<\/li>\n<\/ol>\n<p>&nbsp;<\/p>\n<p>Praca Samorz\u0105du Uczniowskiego dotyczy r\u00f3\u017cnych kr\u0119g\u00f3w tematycznych rozwijanych<br \/>\ni realizowanych w ci\u0105gu ca\u0142ego roku szkolnego.&nbsp;<\/p>\n","protected":false},"excerpt":{"rendered":"<p>PLAN PRACY SAMORZ\u0104DU UCZNIOWSKIEGO W ROKU SZKOLNYM 2022\/2023 &nbsp; Celem Samorz\u0105du Uczniowskiego jest kszta\u0142towanie samodzielnego i \u015bwiadomego kierowania swoim post\u0119powaniem, kszta\u0142towanie postawy, kt\u00f3ra prowadzi do identyfikowania si\u0119 z celami i zadaniami spo\u0142eczno\u015bci szkolnej, uznaniu ich za w\u0142asne, d\u0105\u017cenie do ich realizacji z w\u0142asnej inicjatywy i poczucia w\u0142asnej za nie odpowiedzialno\u015bci. &nbsp;Realizacja cel\u00f3w winna by\u0107 po\u0142\u0105czona [&hellip;]<\/p>\n","protected":false},"author":2,"featured_media":0,"parent":121,"menu_order":1,"comment_status":"closed","ping_status":"closed","template":"","meta":{"ngg_post_thumbnail":0,"footnotes":""},"class_list":["post-8085","page","type-page","status-publish","hentry"],"_links":{"self":[{"href":"https:\/\/www.spbezmiechowa.pl\/index.php?rest_route=\/wp\/v2\/pages\/8085","targetHints":{"allow":["GET"]}}],"collection":[{"href":"https:\/\/www.spbezmiechowa.pl\/index.php?rest_route=\/wp\/v2\/pages"}],"about":[{"href":"https:\/\/www.spbezmiechowa.pl\/index.php?rest_route=\/wp\/v2\/types\/page"}],"author":[{"embeddable":true,"href":"https:\/\/www.spbezmiechowa.pl\/index.php?rest_route=\/wp\/v2\/users\/2"}],"replies":[{"embeddable":true,"href":"https:\/\/www.spbezmiechowa.pl\/index.php?rest_route=%2Fwp%2Fv2%2Fcomments&post=8085"}],"version-history":[{"count":3,"href":"https:\/\/www.spbezmiechowa.pl\/index.php?rest_route=\/wp\/v2\/pages\/8085\/revisions"}],"predecessor-version":[{"id":13121,"href":"https:\/\/www.spbezmiechowa.pl\/index.php?rest_route=\/wp\/v2\/pages\/8085\/revisions\/13121"}],"up":[{"embeddable":true,"href":"https:\/\/www.spbezmiechowa.pl\/index.php?rest_route=\/wp\/v2\/pages\/121"}],"wp:attachment":[{"href":"https:\/\/www.spbezmiechowa.pl\/index.php?rest_route=%2Fwp%2Fv2%2Fmedia&parent=8085"}],"curies":[{"name":"wp","href":"https:\/\/api.w.org\/{rel}","templated":true}]}}